{"id":567,"date":"2025-06-19T05:15:42","date_gmt":"2025-06-19T03:15:42","guid":{"rendered":"https:\/\/www.felixrodriguezdelafuente.club\/es\/?page_id=567"},"modified":"2025-06-19T06:13:53","modified_gmt":"2025-06-19T04:13:53","slug":"politica-de-cookies","status":"publish","type":"page","link":"https:\/\/www.felixrodriguezdelafuente.club\/es\/politica-de-cookies\/","title":{"rendered":"Pol\u00edtica de Cookies"},"content":{"rendered":"\n<div class=\"wp-block-group alignfull has-tertiary-background-color has-background has-global-padding is-layout-constrained wp-container-core-group-is-layout-fb85e995 wp-block-group-is-layout-constrained\" style=\"margin-top:0;margin-bottom:0;padding-top:var(--wp--preset--spacing--60);padding-right:var(--wp--preset--spacing--30);padding-bottom:var(--wp--preset--spacing--60);padding-left:var(--wp--preset--spacing--30)\">\n<p class=\"has-text-align-center\" style=\"margin-top:16px\">En esta p\u00e1gina explicamos qu\u00e9 son las cookies, su uso en este sitio y c\u00f3mo gestionarlas para mejorar tu experiencia y proteger tus datos.<\/p>\n<\/div>\n\n\n\n<div class=\"wp-block-group alignfull has-background-background-color has-background has-global-padding is-layout-constrained wp-container-core-group-is-layout-7276a2bb wp-block-group-is-layout-constrained\" style=\"margin-top:0;margin-bottom:0;padding-top:var(--wp--preset--spacing--60);padding-right:var(--wp--preset--spacing--30);padding-bottom:var(--wp--preset--spacing--60);padding-left:var(--wp--preset--spacing--30)\">\n<div class=\"wp-block-columns alignwide is-layout-flex wp-container-core-columns-is-layout-714d85e9 wp-block-columns-is-layout-flex\">\n<div class=\"wp-block-column is-layout-flow wp-block-column-is-layout-flow\" style=\"flex-basis:33.33%\">\n<h2 class=\"wp-block-heading has-large-font-size\">Pol\u00edtica de Cookies y su aplicaci\u00f3n<\/h2>\n\n\n\n<p style=\"margin-top:16px\">Aqu\u00ed explicamos qu\u00e9 son las cookies, su uso en nuestro sitio y c\u00f3mo gestionarlas eficazmente.<\/p>\n<\/div>\n\n\n\n<div class=\"wp-block-column is-layout-flow wp-block-column-is-layout-flow\" style=\"flex-basis:66.66%\">\n<div class=\"wp-block-group is-layout-flow wp-block-group-is-layout-flow\" style=\"border-bottom-color:var(--wp--preset--color--tertiary);border-bottom-width:1px;margin-top:0;padding-top:0;padding-bottom:var(--wp--preset--spacing--30)\">\n<h4 class=\"wp-block-heading has-medium-font-size\">\u00bfQu\u00e9 son las cookies y para qu\u00e9 se utilizan?<\/h4>\n\n\n\n<p class=\"has-small-font-size\" style=\"margin-top:12px\">Las cookies son peque\u00f1os archivos que almacenan informaci\u00f3n para mejorar tu experiencia en el sitio.<\/p>\n<\/div>\n\n\n\n<div class=\"wp-block-group is-layout-flow wp-block-group-is-layout-flow\" style=\"border-bottom-color:var(--wp--preset--color--tertiary);border-bottom-width:1px;margin-top:0;padding-top:var(--wp--preset--spacing--30);padding-bottom:var(--wp--preset--spacing--30)\">\n<h4 class=\"wp-block-heading has-medium-font-size\">\u00bfQu\u00e9 tipos de cookies usamos en este sitio?<\/h4>\n\n\n\n<p class=\"has-small-font-size\" style=\"margin-top:12px\">Utilizamos cookies necesarias, anal\u00edticas, de redes sociales y de personalizaci\u00f3n conforme a la normativa vigente.<\/p>\n<\/div>\n\n\n\n<div class=\"wp-block-group is-layout-flow wp-block-group-is-layout-flow\" style=\"border-bottom-color:var(--wp--preset--color--tertiary);border-bottom-width:1px;margin-top:0;padding-top:var(--wp--preset--spacing--30);padding-bottom:var(--wp--preset--spacing--30)\">\n<h4 class=\"wp-block-heading has-medium-font-size\">\u00bfC\u00f3mo puedo gestionar o eliminar las cookies?<\/h4>\n\n\n\n<p class=\"has-small-font-size\" style=\"margin-top:12px\">Puedes administrar las cookies desde las opciones del sitio o configurando tu navegador seg\u00fan tus preferencias.<\/p>\n<\/div>\n\n\n\n<div class=\"wp-block-group is-layout-flow wp-block-group-is-layout-flow\" style=\"margin-top:0;padding-top:var(--wp--preset--spacing--30);padding-bottom:0\">\n<h4 class=\"wp-block-heading has-medium-font-size\">\u00bfD\u00f3nde encontrar m\u00e1s informaci\u00f3n sobre las cookies?<\/h4>\n\n\n\n<p class=\"has-small-font-size\" style=\"margin-top:12px\">Proporcionamos enlaces a recursos oficiales para que conozcas en detalle el uso y gesti\u00f3n de cookies.<\/p>\n<\/div>\n<\/div>\n<\/div>\n<\/div>\n\n\n\n<div class=\"wp-block-group alignfull has-background-background-color has-background has-global-padding is-layout-constrained wp-container-core-group-is-layout-7276a2bb wp-block-group-is-layout-constrained\" style=\"margin-top:0;margin-bottom:0;padding-top:var(--wp--preset--spacing--60);padding-right:var(--wp--preset--spacing--30);padding-bottom:var(--wp--preset--spacing--60);padding-left:var(--wp--preset--spacing--30)\">\n<div class=\"wp-block-group has-global-padding is-layout-constrained wp-block-group-is-layout-constrained\">\n<h2 class=\"wp-block-heading has-text-align-center has-large-font-size\">Pol\u00edtica de cookies<\/h2>\n\n\n\n<p class=\"has-text-align-center\" style=\"margin-top:16px\">Aqu\u00ed detallamos nuestra pol\u00edtica de cookies para que comprendas su uso, tipos y c\u00f3mo gestionarlas, asegurando una experiencia transparente y segura en el sitio.<\/p>\n<\/div>\n\n\n\n<p><\/p>\n\n\n\n<p>Este sitio utiliza&nbsp;cookies&nbsp;para que el mismo funcione correctamente y para poder ofrecerle una buena experiencia online. Tambi\u00e9n se utilizan para analizar c\u00f3mo se utiliza el sitio web, para ofrecer contenido online personalizado, y para publicidad, m\u00e1rquetin y redes sociales. Para m\u00e1s informaci\u00f3n, puede consultar nuestra pol\u00edtica de&nbsp;cookies.&nbsp;&nbsp;&nbsp;Haga clic en \u201cAceptar\u201d para seguir disfrutando de nuestro sitio web con todas las cookies instaladas, o bien haga clic en \u201cConfiguraci\u00f3n de&nbsp;cookies\u201d para gestionar sus preferencias&nbsp;&nbsp;Para m\u00e1s informaci\u00f3n, se puede consultar nuestra&nbsp;&nbsp;&nbsp;pol\u00edtica de cookies.<\/p>\n\n\n\n<p>&nbsp;<strong>Estrictamente necesarias<\/strong><\/p>\n\n\n\n<p>Son las cookies necesarias para que el sitio web funcione. Se utilizan para que el usuario reciba servicios como ajustar sus preferencias de privacidad, iniciar sesi\u00f3n en el sitio web y llenar formularios, entre otros. Estas cookies se pueden desactivar cambiando la configuraci\u00f3n del navegador pero, en hacerlo, se podr\u00edan ver afectados tanto el funcionamiento del sitio web como la experiencia de navegaci\u00f3n del usuario<\/p>\n\n\n\n<p>&nbsp;<strong>An\u00e1lisis<\/strong><\/p>\n\n\n\n<p>Esta p\u00e1gina web utiliza Google Analytics. Es la herramienta de anal\u00edtica que ayuda a los sitios web y a los propietarios de aplicaciones a entender el modo en que sus visitantes interact\u00faan con sus propiedades. Se utilizan un conjunto de cookies (_utma, _utmb, _utmc y _utmz) para recopilar informaci\u00f3n e informar de las estad\u00edsticas de uso de los sitios web sin identificar personalmente a los visitantes de Google. M\u00e1s informaci\u00f3n sobre las cookies de Google Analytics e informaci\u00f3n sobre la privacidad<\/p>\n\n\n\n<p>&nbsp;<strong>Redes sociales<\/strong><\/p>\n\n\n\n<p>Para la promoci\u00f3n de redes sociales se est\u00e1n usando las cookies de Twiter, Facebook y Youtube, para que nuestros visitantes puedan seguirnos en dichas redes y en la p\u00e1gina de inicio se incrustan los contenidos de Twiter y Youtube.<\/p>\n\n\n\n<p>&nbsp;<strong>Personalizaci\u00f3n<\/strong><\/p>\n\n\n\n<p>Se descarga una cookie de tipo t\u00e9cnico denominada cookie-compliance, propia, de tipo t\u00e9cnico y de sesi\u00f3n. Gestiona el consentimiento del usuario ante el uso de las cookies en la p\u00e1gina web, con el objeto de recordar aquellos usuarios que las han aceptado y aquellos que no, de modo que a los primeros no se les muestre informaci\u00f3n en la parte superior de la p\u00e1gina al respecto.<\/p>\n\n\n\n<p><strong>Introducci\u00f3n general al uso de cookies<\/strong><\/p>\n\n\n\n<p>El acceso y la navegaci\u00f3n por las p\u00e1ginas web accesibles a trav\u00e9s de las URLs:&nbsp;https:\/\/www.elanimalhumano.felixrodriguezdelafuente.club\/;&nbsp;(en adelante, se podr\u00e1n denominar conjuntamente los \u201cSitios Web\u201d), titularidad de Benigno Varillas Su\u00e1rez DNI 10551232M, c\/ La Pedriza, 1, 28002 Madrid, supone el uso y descarga de cookies propias y, en su caso, de terceros, en el equipo con que el usuario acceda y navegue por los Sitios Web.<\/p>\n\n\n\n<p>\u00bfQu\u00e9 es una cookie?<\/p>\n\n\n\n<p>Una cookie es un fichero que se descarga en su ordenador al acceder a determinadas p\u00e1ginas web. Las cookies permiten a una p\u00e1gina web, entre otras cosas, almacenar y recuperar informaci\u00f3n sobre los h\u00e1bitos de navegaci\u00f3n de un usuario o de su equipo y, dependiendo de la informaci\u00f3n que contengan y de la forma en que se utilice su equipo, pueden servir para reconocerlo.<\/p>\n\n\n\n<p>No obstante, estos medios s\u00f3lo obtienen informaci\u00f3n relacionada con el n\u00famero de p\u00e1ginas visitas, la ciudad a la que est\u00e1 asignada la direcci\u00f3n IP desde la que se accede, el n\u00famero de nuevos usuarios, la frecuencia y reincidencia de las visitas, el tiempo de visita, el navegador o el operador o tipo de terminal desde el que se realiza la visita. En ning\u00fan caso se obtienen datos sobre el nombre, apellidos, direcci\u00f3n postal u otros datos an\u00e1logos del usuario que se ha conectado.<\/p>\n\n\n\n<p>\u00bfQu\u00e9 tipos de cookies existen?<\/p>\n\n\n\n<p>Las cookies pueden ser propias o de terceros. Las propias son aqu\u00e9llas que se env\u00edan al equipo terminal del usuario desde un equipo o dominio gestionado por el propio editor de la Web, desde el que se presta el servicio solicitado por el usuario. Las cookies de tercero son aqu\u00e9llas que se env\u00edan al equipo terminal del usuario desde un equipo o dominio que no es gestionado por el editor, sino por otra entidad que trata los datos obtenidos trav\u00e9s de las cookies.<\/p>\n\n\n\n<p>Adem\u00e1s, las cookies pueden ser de sesi\u00f3n o persistentes. Las primeras son un tipo de cookies dise\u00f1adas para recabar y almacenar datos mientras el usuario accede a una p\u00e1gina web. Las persistentes son un tipo de cookies que hace que los datos sigan almacenados en el terminal y puedan ser accedidos y tratados durante un periodo definido por el responsable de la cookie, que puede ir de unos minutos a varios a\u00f1os.<\/p>\n\n\n\n<p>\u00bfCu\u00e1les son las cookies que utiliza esta Web y para qu\u00e9 se utilizan?<\/p>\n\n\n\n<p>Esta Web utiliza las siguientes cookies de terceros:<\/p>\n\n\n\n<ul class=\"wp-block-list\">\n<li>Cookies de an\u00e1lisis: La p\u00e1gina web de Benigno Varillas Su\u00e1rez utiliza Google Analytics. Es la herramienta de anal\u00edtica que ayuda a los sitios web y a los propietarios de aplicaciones a entender el modo en que sus visitantes interact\u00faan con sus propiedades. Se utilizan un conjunto de cookies (_utma, _utmb, _utmc y _utmz) para recopilar informaci\u00f3n e informar de las estad\u00edsticas de uso de los sitios web sin identificar personalmente a los visitantes de Google. M\u00e1s informaci\u00f3n sobre las\u00a0<a href=\"https:\/\/developers.google.com\/analytics\/devguides\/collection\/analyticsjs\/cookie-usage\">cookies de Google Analytics e informaci\u00f3n sobre la privacidad<\/a><\/li>\n\n\n\n<li>Cookies de redes sociales: Para la promoci\u00f3n de redes sociales se est\u00e1n usando las cookies de Twiter, Facebook\u00a0 y Youtube, para que nuestros visitantes puedan seguirnos en dichas redes y en la p\u00e1gina de inicio se incrustan los contenidos de Twiter y Youtube.<\/li>\n\n\n\n<li>Cookies de personalizaci\u00f3n: Por \u00faltimo, se descarga una cookie de tipo t\u00e9cnico denominada cookie-compliance, propia, de tipo t\u00e9cnico y de sesi\u00f3n. Gestiona el consentimiento del usuario ante el uso de las cookies en la p\u00e1gina web, con el objeto de recordar aquellos usuarios que las han aceptado y aquellos que no, de modo que a los primeros no se les muestre informaci\u00f3n en la parte superior de la p\u00e1gina al respecto.<\/li>\n<\/ul>\n\n\n\n<p>Las aplicaciones que utilizan estos terceros son las siguientes:<\/p>\n\n\n\n<ul class=\"wp-block-list\">\n<li>Para las Cookies de an\u00e1lisis, Google Analytics, perteneciente a Google (<a href=\"https:\/\/developers.google.com\/analytics\/devguides\/collection\/analyticsjs\/cookie-usage\">https:\/\/developers.google.com\/analytics\/devguides\/collection\/analyticsjs\u2026<\/a>).<\/li>\n\n\n\n<li>Para las Cookies publicitarias, Double Click, perteneciente a Google (<a href=\"https:\/\/support.google.com\/adsense\/answer\/2839090?hl=es\">https:\/\/support.google.com\/adsense\/answer\/2839090?hl=es<\/a>).<\/li>\n\n\n\n<li>Para las Cookies de redes sociales:<\/li>\n\n\n\n<li>Google+ Platform, perteneciente a Google (<a href=\"https:\/\/developers.google.com\/+\/web\/buttons-policy?hl=es\">https:\/\/developers.google.com\/+\/web\/buttons-policy?hl=es<\/a>)<\/li>\n\n\n\n<li>Facebook Social Plugins, perteneciente a Facebook (<a href=\"https:\/\/es-es.facebook.com\/help\/340599879348142\/\">https:\/\/es-es.facebook.com\/help\/340599879348142\/<\/a>).<\/li>\n<\/ul>\n\n\n\n<p>Adem\u00e1s, esas empresas pueden utilizar los datos que obtengan para mejorar sus propios servicios y para ofrecer servicios a otras empresas. Puede hacer clic en el link incluido en cada caso para obtener m\u00e1s informaci\u00f3n sobre dichas aplicaciones.<\/p>\n\n\n\n<p>\u00bfDurante cu\u00e1nto tiempo se guardan las cookies?<\/p>\n\n\n\n<p>Las cookies se guardar\u00e1n:<\/p>\n\n\n\n<p>UTMA (Google): Caduca a los 2 a\u00f1os desde la \u00faltima actualizaci\u00f3n. Esta cookie se utiliza para hacer&nbsp;recuento de cuantas veces visita el sitio un usuario&nbsp;\u00fanico, generando un ID de usuario \u00fanico que registra la fecha, la primera y la \u00faltima vez que el usuario visti\u00f3 la web.<\/p>\n\n\n\n<p>UTMB (Google): Caduca 1 mes despu\u00e9s de la \u00faltima actualizaci\u00f3n. Esta cookie se utiliza para calcular el tiempo que un usuario permanece en una p\u00e1gina.<\/p>\n\n\n\n<p>UTMC (Google): Caduca al finalizar la sesi\u00f3n del navegador. El c\u00f3digo&nbsp;javascript&nbsp;actual que utiliza Google Analytics no requiere esta&nbsp;cookie. Antes esta&nbsp;cookie&nbsp;se utilizaba junto con la&nbsp;cookie&nbsp;_utmb para determinar si transcurridos m\u00e1s de 30 minutos en la misma p\u00e1gina, proced\u00eda o no establecer una nueva sesi\u00f3n para el usuario. Esta&nbsp;cookie&nbsp;se sigue escribiendo para asegurar la compatibilidad con las webs donde est\u00e1 instalado el antiguo c\u00f3digo de seguimiento urchi.<\/p>\n\n\n\n<p>UTMZ (Google): Caduca a los 6 meses desde la \u00faltima actualizaci\u00f3n. Esta cookie se utiliza para almacenar el origen del visitante, el camino que ha seguido para acceder a la web, ya sea acceso directo, desde un&nbsp;link&nbsp;en otra web, desde un enlace de correo electr\u00f3nico, empleando determinadas palabras clave en un motor de b\u00fasqueda, a trav\u00e9s de una campa\u00f1a de display, o por medio de un anuncio de AdWords.<\/p>\n\n\n\n<p>UTMT (Google): Caduca a los a los 6 meses desde la \u00faltima actualizaci\u00f3n aunque se renueva cada vez que el Usuario visita la p\u00e1gina Web. Esta cookie registra el origen del usuario y datos demogr\u00e1ficos como sexo o edad del visitante obtenidos a partir de los datos de registro.<\/p>\n\n\n\n<p>has_js (nombre de la web): Caduca al finalizar la sesi\u00f3n del navegador. Esta cookie informa al gestor de contenidos sobre si el navegador tiene activado o no el javascript. De esta manera mostrar\u00e1 la informaci\u00f3n adapt\u00e1ndose a esta configuraci\u00f3n propia del navegador.<\/p>\n\n\n\n<p>cookie-agreed-es (nombre de la web): Caduca al finalizar la sesi\u00f3n del navegador. Esta cookie t\u00e9cnica se utiliza para controlar la aceptaci\u00f3n de cookies.<\/p>\n\n\n\n<p>\u00bfCu\u00e1l es la legitimaci\u00f3n para el uso de las cookies?<\/p>\n\n\n\n<p>En el caso de las cookies t\u00e9cnicas, es decir, aquellas que resultan imprescindibles para navegar por esta web y recibir el servicio ofrecido a trav\u00e9s de ella, la base legal de su uso es el acuerdo a trav\u00e9s del cual usted decide utilizar esta p\u00e1gina web y utilizar sus servicios.<\/p>\n\n\n\n<p>La base legal del uso del resto de cookies es el consentimiento del usuario, que se le solicita en el momento de acceder a esta web, pudiendo revocarlo en cualquier momento. La retirada de dicho consentimiento no afectar\u00e1 a la posibilidad de navegar por esta web y utilizar sus servicios, pero los tratamientos de datos efectuados con anterioridad no perder\u00e1n su licitud por el hecho de que el consentimiento se haya revocado.<\/p>\n\n\n\n<p>\u00bfA qu\u00e9 destinatarios se comunicar\u00e1n las cookies o podr\u00e1n acceder a ellas?<\/p>\n\n\n\n<p>Cuando existan cookies de terceros, conforme a lo indicado m\u00e1s arriba, dichos terceros podr\u00e1n acceder a las cookies y utilizarlas en la forma antes descrita.<\/p>\n\n\n\n<p>\u00bfC\u00f3mo puedo gestionar las cookies?<\/p>\n\n\n\n<p>Puede usted permitir, bloquear o eliminar las cookies instaladas en su equipo a trav\u00e9s del bot\u00f3n \u201cOPCIONES SOBRE COOKIES\u201d, que aparece al acceder a esta web, y tambi\u00e9n mediante la configuraci\u00f3n de las opciones de su navegador. Puede encontrar informaci\u00f3n sobre c\u00f3mo hacerlo, en relaci\u00f3n con los navegadores m\u00e1s comunes, en los siguientes links:<\/p>\n\n\n\n<ul class=\"wp-block-list\">\n<li>:\u00a0<a href=\"https:\/\/support.microsoft.com\/es-es\/help\/17442\/windows-internet-explorer-delete-manage-cookies\">https:\/\/support.microsoft.com\/es-es\/help\/17442\/windows-internet-explorer\u2026<\/a><\/li>\n\n\n\n<li>:\u00a0<a href=\"https:\/\/support.mozilla.org\/es\/kb\/habilitar-y-deshabilitar-cookies-que-los-sitios-we\">https:\/\/support.mozilla.org\/es\/kb\/habilitar-y-deshabilitar-cookies-que-l\u2026<\/a><\/li>\n\n\n\n<li>:\u00a0<a href=\"http:\/\/support.google.com\/chrome\/bin\/answer.py?hl=es&amp;answer=95647\">http:\/\/support.google.com\/chrome\/bin\/answer.py?hl=es&amp;answer=95647<\/a><\/li>\n\n\n\n<li>:\u00a0<a href=\"https:\/\/support.apple.com\/es-es\/guide\/safari\/sfri11471\/mac\">https:\/\/support.apple.com\/es-es\/guide\/safari\/sfri11471\/mac<\/a><\/li>\n<\/ul>\n<\/div>\n","protected":false},"excerpt":{"rendered":"<p>En esta p\u00e1gina explicamos qu\u00e9 son las cookies, su uso en este sitio y c\u00f3mo gestionarlas para mejorar tu experiencia y proteger tus datos. Pol\u00edtica de Cookies y su aplicaci\u00f3n Aqu\u00ed explicamos qu\u00e9 son las cookies, su uso en nuestro sitio y c\u00f3mo gestionarlas eficazmente. \u00bfQu\u00e9 son las cookies y para qu\u00e9 se utilizan? Las [&hellip;]<\/p>\n","protected":false},"author":2,"featured_media":0,"parent":0,"menu_order":0,"comment_status":"closed","ping_status":"closed","template":"","meta":{"footnotes":""},"class_list":["post-567","page","type-page","status-publish","hentry"],"aioseo_notices":[],"jetpack_sharing_enabled":true,"_links":{"self":[{"href":"https:\/\/www.felixrodriguezdelafuente.club\/es\/wp-json\/wp\/v2\/pages\/567","targetHints":{"allow":["GET"]}}],"collection":[{"href":"https:\/\/www.felixrodriguezdelafuente.club\/es\/wp-json\/wp\/v2\/pages"}],"about":[{"href":"https:\/\/www.felixrodriguezdelafuente.club\/es\/wp-json\/wp\/v2\/types\/page"}],"author":[{"embeddable":true,"href":"https:\/\/www.felixrodriguezdelafuente.club\/es\/wp-json\/wp\/v2\/users\/2"}],"replies":[{"embeddable":true,"href":"https:\/\/www.felixrodriguezdelafuente.club\/es\/wp-json\/wp\/v2\/comments?post=567"}],"version-history":[{"count":3,"href":"https:\/\/www.felixrodriguezdelafuente.club\/es\/wp-json\/wp\/v2\/pages\/567\/revisions"}],"predecessor-version":[{"id":576,"href":"https:\/\/www.felixrodriguezdelafuente.club\/es\/wp-json\/wp\/v2\/pages\/567\/revisions\/576"}],"wp:attachment":[{"href":"https:\/\/www.felixrodriguezdelafuente.club\/es\/wp-json\/wp\/v2\/media?parent=567"}],"curies":[{"name":"wp","href":"https:\/\/api.w.org\/{rel}","templated":true}]}}