{"id":48,"date":"2025-01-05T07:49:23","date_gmt":"2025-01-05T07:49:23","guid":{"rendered":"https:\/\/www.felixrodriguezdelafuente.club\/es\/?page_id=48"},"modified":"2025-01-06T08:43:44","modified_gmt":"2025-01-06T07:43:44","slug":"felix-la-voz-de-la-naturaleza","status":"publish","type":"page","link":"https:\/\/www.felixrodriguezdelafuente.club\/es\/felix-la-voz-de-la-naturaleza\/","title":{"rendered":"La Voz de la Naturaleza"},"content":{"rendered":"\n<div class=\"wp-block-group alignfull has-background-background-color has-background has-global-padding is-layout-constrained wp-container-core-group-is-layout-7276a2bb wp-block-group-is-layout-constrained\" style=\"margin-top:0;margin-bottom:0;padding-top:var(--wp--preset--spacing--60);padding-right:var(--wp--preset--spacing--30);padding-bottom:var(--wp--preset--spacing--60);padding-left:var(--wp--preset--spacing--30)\">\n<div class=\"wp-block-columns alignwide are-vertically-aligned-center is-layout-flex wp-container-core-columns-is-layout-08c01c1c wp-block-columns-is-layout-flex\">\n<div class=\"wp-block-column is-vertically-aligned-center has-global-padding is-layout-constrained wp-block-column-is-layout-constrained\">\n<h2 class=\"wp-block-heading has-large-font-size\">La voz de F\u00e9lix Rodr\u00edguez de la Fuente siempre se consider\u00f3 peculiar. Logra recrear en la mente del que le escucha la imagen de lo que habla. Esa capacidad, de hacernos \u201cver\u201d con la voz, se debe, entre otros factores \u2013como la pasi\u00f3n que pon\u00eda en su discurso\u2013 a que sus guiones nunca se escribieron. Los grab\u00f3 construy\u00e9ndolos mentalmente y locut\u00e1ndolos de un tir\u00f3n.\u00a0<\/h2>\n\n\n\n<p>Ser\u00eda interesante analizar las vibraciones del lenguaje de F\u00e9lix en el espectrograma. No se, si lo que sostienen algunos autores, de que el lenguaje hablado en determinadas frecuencias es capaz de reprogramar el ADN, pero es evidente que con su forma de hablar y su mensaje, model\u00f3 las mentes de los que le escuchamos y el resultado de su labor modific\u00f3 entre 1965 y 1980 la percepci\u00f3n de la vida salvaje de los espa\u00f1oles. Ese es el valor a recuperar con este PodCast.&nbsp;<\/p>\n\n\n\n<p>La obra radiof\u00f3nica de FRF cuelga de la WEB de RTVE sin introducci\u00f3n a cada tema, ni explicaci\u00f3n precisa del contenido, siendo dif\u00edcil captar el mensaje y los matices que encierran esos audios. Este PodCast los agrupa, los ordena, los comenta, los relaciona y extrae de ellos citas y cortes\u00a0 de unos pocos minutos que enlazan a las grabaciones de RNE para incitar a o\u00edrlas enteras tras haber dado a conocer su contexto e intencionalidad. Del mismo modo, rese\u00f1a y comenta audios de sus programas de televisi\u00f3n.<\/p>\n\n\n\n<p><strong>La barra de navegaci\u00f3n del blog es:<\/strong><\/p>\n\n\n\n<p class=\"has-small-font-size\"><strong>| Sonido | Humanidad | Fauna | Lobo | Halc\u00f3n | Bisontes | Bosques | Veneno | Infancia | Espacios | Africa | Oc\u00e9ano | Pol\u00edtica |<\/strong><\/p>\n\n\n\n<p>Cuyo desarrollo tiene las siguientes secciones:<\/p>\n\n\n\n<p>Pagina 1: <strong>Sonido: <\/strong>Ondas ac\u00fasticas, Lenguaje humano, Arqueoac\u00fastica, Sonidos de la naturaleza, Voces animales, M\u00fasica.<\/p>\n\n\n\n<p>Pagina 2: <strong>Humanidad<\/strong> ; Magdalenienses, Nahedi, Inuit, Pigmeos, Bosquimanos, Paleol\u00edtico vs Neol\u00edtico, Masais, Superpoblaci\u00f3n, Contaminaci\u00f3n, Caza, Ecologismo.<\/p>\n\n\n\n<p>Pagina 3: <strong>Fauna: <\/strong>Depredadores, Herb\u00edvoros, Insectos, P\u00e1jaros, Reptiles, Peces.<\/p>\n\n\n\n<p>Pagina 4: <strong>Lobo: <\/strong>Cuento, Alianza, Pol\u00e9mica, Etolog\u00eda.<\/p>\n\n\n\n<p>Pagina 5: <strong>Halconer\u00eda:<\/strong> Cetrer\u00eda, Expolio.<\/p>\n\n\n\n<p><strong>Pagina 6: Bisontes: <\/strong>Restituci\u00f3n, Altamira, Exterminio.<\/p>\n\n\n\n<p>Pagina 7: <strong>Bosques: <\/strong>Encinar, Acebos, Hayedo, Eucalipto.<\/p>\n\n\n\n<p>Pagina 8: <strong>Veneno: <\/strong>Estricnina, Pesticidas.<\/p>\n\n\n\n<p>Pagina 9: <strong>Infancia: <\/strong>Pandilla, Escuela, Maestros, Internado, Curwood.<\/p>\n\n\n\n<p>Pagina 10: <strong>Espacios: <\/strong>Montejo, Pelegrina, Do\u00f1ana, Daimiel, Cabrera, Monfrag\u00fce, Albufera, Gallocanta, Delta, Barrancos, Estepas, Humedales, Cordilleras, R\u00edos, Dunas, Nieve.<\/p>\n\n\n\n<p>Pagina 11: <strong>\u00c1frica: <\/strong>Elefantes, leones, leopardos, migraci\u00f3n.<\/p>\n\n\n\n<p><strong>Pagina 12: Arabia: <\/strong>Cetrer\u00eda, Mar rojo, Diplomacia.<\/p>\n\n\n\n<p><strong>Pagina 13: Am\u00e9rica: <\/strong>Venezuela, Canad\u00e1, EE.UU. Alaska, Torrej\u00f3n.<\/p>\n\n\n\n<p>Pagina 14: <strong>Oc\u00e9ano: <\/strong>Ballenas, orcas, delfines, focas, aves marinas.<\/p>\n\n\n\n<p><strong>Pagina 15: Testimonios: <\/strong>Castroviejo, Garz\u00f3n, Ara\u00fajo, Basilio, Chus, De Pablos, BV,&nbsp;<\/p>\n\n\n\n<p><strong>Audio.<\/strong><\/p>\n\n\n\n<p style=\"margin-top:16px\"><\/p>\n\n\n\n<div class=\"wp-block-buttons is-layout-flex wp-block-buttons-is-layout-flex\" style=\"margin-top:var(--wp--preset--spacing--40)\">\n<div class=\"wp-block-button\"><a class=\"wp-block-button__link wp-element-button\">Explorar m\u00e1s sobre  el Dr. F\u00e9lix Rodr\u00edguez de la Fuente<\/a><\/div>\n<\/div>\n<\/div>\n\n\n\n<div class=\"wp-block-column is-vertically-aligned-center is-layout-flow wp-block-column-is-layout-flow\">\n<div class=\"wp-block-cover has-custom-content-position is-position-bottom-left\" style=\"border-radius:4px;padding-top:var(--wp--preset--spacing--40);padding-right:var(--wp--preset--spacing--30);padding-bottom:var(--wp--preset--spacing--30);padding-left:var(--wp--preset--spacing--30);min-height:456px;aspect-ratio:unset;\"><span aria-hidden=\"true\" class=\"wp-block-cover__background has-background-dim\" style=\"background-color:#655a35\"><\/span><img loading=\"lazy\" decoding=\"async\" width=\"665\" height=\"703\" class=\"wp-block-cover__image-background wp-image-153\" alt=\"\" src=\"https:\/\/www.felixrodriguezdelafuente.club\/es\/wp-content\/uploads\/2025\/01\/1felixyelloboft.jpg\" data-object-fit=\"cover\" srcset=\"https:\/\/www.felixrodriguezdelafuente.club\/es\/wp-content\/uploads\/2025\/01\/1felixyelloboft.jpg 665w, https:\/\/www.felixrodriguezdelafuente.club\/es\/wp-content\/uploads\/2025\/01\/1felixyelloboft-284x300.jpg 284w\" sizes=\"auto, (max-width: 665px) 100vw, 665px\" \/><div class=\"wp-block-cover__inner-container is-layout-flow wp-block-cover-is-layout-flow\">\n<div style=\"height:240px\" aria-hidden=\"true\" class=\"wp-block-spacer\"><\/div>\n<\/div><\/div>\n<\/div>\n<\/div>\n<\/div>\n","protected":false},"excerpt":{"rendered":"<p>La voz de F\u00e9lix Rodr\u00edguez de la Fuente siempre se consider\u00f3 peculiar. Logra recrear en la mente del que le escucha la imagen de lo que habla. Esa capacidad, de hacernos \u201cver\u201d con la voz, se debe, entre otros factores \u2013como la pasi\u00f3n que pon\u00eda en su discurso\u2013 a que sus guiones nunca se escribieron. [&hellip;]<\/p>\n","protected":false},"author":1,"featured_media":0,"parent":0,"menu_order":0,"comment_status":"closed","ping_status":"closed","template":"","meta":{"footnotes":""},"class_list":["post-48","page","type-page","status-publish","hentry"],"aioseo_notices":[],"jetpack_sharing_enabled":true,"_links":{"self":[{"href":"https:\/\/www.felixrodriguezdelafuente.club\/es\/wp-json\/wp\/v2\/pages\/48","targetHints":{"allow":["GET"]}}],"collection":[{"href":"https:\/\/www.felixrodriguezdelafuente.club\/es\/wp-json\/wp\/v2\/pages"}],"about":[{"href":"https:\/\/www.felixrodriguezdelafuente.club\/es\/wp-json\/wp\/v2\/types\/page"}],"author":[{"embeddable":true,"href":"https:\/\/www.felixrodriguezdelafuente.club\/es\/wp-json\/wp\/v2\/users\/1"}],"replies":[{"embeddable":true,"href":"https:\/\/www.felixrodriguezdelafuente.club\/es\/wp-json\/wp\/v2\/comments?post=48"}],"version-history":[{"count":4,"href":"https:\/\/www.felixrodriguezdelafuente.club\/es\/wp-json\/wp\/v2\/pages\/48\/revisions"}],"predecessor-version":[{"id":162,"href":"https:\/\/www.felixrodriguezdelafuente.club\/es\/wp-json\/wp\/v2\/pages\/48\/revisions\/162"}],"wp:attachment":[{"href":"https:\/\/www.felixrodriguezdelafuente.club\/es\/wp-json\/wp\/v2\/media?parent=48"}],"curies":[{"name":"wp","href":"https:\/\/api.w.org\/{rel}","templated":true}]}}