{"id":22,"date":"2025-01-05T07:43:53","date_gmt":"2025-01-05T07:43:53","guid":{"rendered":"https:\/\/www.felixrodriguezdelafuente.club\/es\/testimonials\/"},"modified":"2025-06-17T21:18:18","modified_gmt":"2025-06-17T19:18:18","slug":"testimonials","status":"publish","type":"page","link":"https:\/\/www.felixrodriguezdelafuente.club\/es\/testimonials\/","title":{"rendered":"Testimonios"},"content":{"rendered":"\n<div class=\"wp-block-group alignfull has-background-background-color has-background has-global-padding is-layout-constrained wp-block-group-is-layout-constrained\" style=\"margin-top:0;margin-bottom:0;padding-top:0;padding-bottom:0\">\n<div class=\"wp-block-cover alignfull\" style=\"padding-top:0;padding-right:var(--wp--preset--spacing--30);padding-bottom:0;padding-left:var(--wp--preset--spacing--30);min-height:50px;aspect-ratio:unset;\"><img loading=\"lazy\" decoding=\"async\" width=\"1280\" height=\"2276\" class=\"wp-block-cover__image-background wp-image-79\" alt=\"\" src=\"https:\/\/www.felixrodriguezdelafuente.club\/es\/wp-content\/uploads\/2025\/01\/bf6b758fc6bc90a6bb6c480157409be2b1466cb6.jpg\" data-object-fit=\"cover\" srcset=\"https:\/\/www.felixrodriguezdelafuente.club\/es\/wp-content\/uploads\/2025\/01\/bf6b758fc6bc90a6bb6c480157409be2b1466cb6.jpg 1280w, https:\/\/www.felixrodriguezdelafuente.club\/es\/wp-content\/uploads\/2025\/01\/bf6b758fc6bc90a6bb6c480157409be2b1466cb6-169x300.jpg 169w, https:\/\/www.felixrodriguezdelafuente.club\/es\/wp-content\/uploads\/2025\/01\/bf6b758fc6bc90a6bb6c480157409be2b1466cb6-576x1024.jpg 576w, https:\/\/www.felixrodriguezdelafuente.club\/es\/wp-content\/uploads\/2025\/01\/bf6b758fc6bc90a6bb6c480157409be2b1466cb6-768x1366.jpg 768w, https:\/\/www.felixrodriguezdelafuente.club\/es\/wp-content\/uploads\/2025\/01\/bf6b758fc6bc90a6bb6c480157409be2b1466cb6-864x1536.jpg 864w, https:\/\/www.felixrodriguezdelafuente.club\/es\/wp-content\/uploads\/2025\/01\/bf6b758fc6bc90a6bb6c480157409be2b1466cb6-1152x2048.jpg 1152w\" sizes=\"auto, (max-width: 1280px) 100vw, 1280px\" \/><span aria-hidden=\"true\" class=\"wp-block-cover__background has-black-background-color has-background-dim-60 has-background-dim\"><\/span><div class=\"wp-block-cover__inner-container is-layout-flow wp-block-cover-is-layout-flow\">\n<div class=\"wp-block-group has-global-padding is-layout-constrained wp-block-group-is-layout-constrained\" style=\"padding-top:var(--wp--preset--spacing--60);padding-bottom:var(--wp--preset--spacing--60)\">\n<h1 class=\"wp-block-heading alignwide has-text-align-left has-text-color has-x-large-font-size\" style=\"color:#fffffffc\">Ciencia y pol\u00edtica en la onda<\/h1>\n<\/div>\n<\/div><\/div>\n<\/div>\n\n\n\n<div class=\"wp-block-group alignfull has-tertiary-background-color has-background has-global-padding is-layout-constrained wp-container-core-group-is-layout-fb85e995 wp-block-group-is-layout-constrained\" id=\"testimonials\" style=\"margin-top:0;margin-bottom:0;padding-top:var(--wp--preset--spacing--60);padding-right:var(--wp--preset--spacing--30);padding-bottom:var(--wp--preset--spacing--60);padding-left:var(--wp--preset--spacing--30)\">\n<div class=\"wp-block-group alignwide has-global-padding is-content-justification-left is-layout-constrained wp-container-core-group-is-layout-8b4c372c wp-block-group-is-layout-constrained\">\n<h2 class=\"wp-block-heading has-large-font-size\">Testimonios sobre los audios de Rodr\u00edguez de la Fuente<\/h2>\n\n\n\n<p style=\"margin-top:16px\">Comentarios sobre el impacto del discurso de F\u00e9lix en su audiencia.<\/p>\n<\/div>\n\n\n\n<div class=\"wp-block-columns alignwide is-layout-flex wp-container-core-columns-is-layout-28f84493 wp-block-columns-is-layout-flex\">\n<div class=\"wp-block-column is-layout-flow wp-block-column-is-layout-flow\">\n<div class=\"wp-block-group has-background-background-color has-background has-global-padding is-layout-constrained wp-container-core-group-is-layout-a35945ca wp-block-group-is-layout-constrained\" style=\"border-radius:4px;padding-top:var(--wp--preset--spacing--30);padding-right:var(--wp--preset--spacing--30);padding-bottom:var(--wp--preset--spacing--30);padding-left:var(--wp--preset--spacing--30)\">\n<figure class=\"wp-block-image size-large wp-duotone-varpresetduotoneprimary-foreground-1\"><img decoding=\"async\" src=\"data:image\/svg+xml;base64,PHN2ZyB4bWxucz0iaHR0cDovL3d3dy53My5vcmcvMjAwMC9zdmciIHdpZHRoPSIxMTYiIGhlaWdodD0iMTkiIGZpbGw9Im5vbmUiIHZpZXdCb3g9IjAgMCAxMTYgMTkiPjxnIGNsaXAtcGF0aD0idXJsKCNhKSI+PHBhdGggZmlsbD0iIzAwMCIgZD0iTTkuMDcuNjEyYy4zNDUtLjgxNiAxLjUxNS0uODE2IDEuODYgMGwyLjAyOCA0LjgyYy4xNDUuMzQzLjQ3My41NzkuODQ5LjYwOGw1LjI2Ni40MTdjLjg5Mi4wNzEgMS4yNTQgMS4xNzEuNTc0IDEuNzQ2TDE1LjYzNSAxMS42YS45ODcuOTg3IDAgMCAwLS4zMjQuOTg1bDEuMjI1IDUuMDc3Yy4yMDguODYtLjc0IDEuNTQtMS41MDMgMS4wOGwtNC41MDgtMi43MjFhMS4wMTYgMS4wMTYgMCAwIDAtMS4wNSAwbC00LjUwOCAyLjcyYy0uNzY0LjQ2MS0xLjcxMS0uMjE5LTEuNTAzLTEuMDc5bDEuMjI1LTUuMDc3YS45ODcuOTg3IDAgMCAwLS4zMjQtLjk4NUwuMzUzIDguMjAzYy0uNjgtLjU3NS0uMzE4LTEuNjc1LjU3NC0xLjc0Nmw1LjI2Ni0uNDE3Yy4zNzctLjAzLjcwNC0uMjY1Ljg1LS42MDlMOS4wNy42MTJabTI0IDBjLjM0NS0uODE2IDEuNTE1LS44MTYgMS44NiAwbDIuMDI4IDQuODJjLjE0NS4zNDMuNDczLjU3OS44NDkuNjA4bDUuMjY2LjQxN2MuODkyLjA3MSAxLjI1NCAxLjE3MS41NzQgMS43NDZMMzkuNjM1IDExLjZhLjk4Ny45ODcgMCAwIDAtLjMyNS45ODVsMS4yMjYgNS4wNzdjLjIwOC44Ni0uNzQgMS41NC0xLjUwMyAxLjA4bC00LjUwOC0yLjcyMWExLjAxNiAxLjAxNiAwIDAgMC0xLjA1IDBsLTQuNTA4IDIuNzJjLS43NjQuNDYxLTEuNzExLS4yMTktMS41MDMtMS4wNzlsMS4yMjUtNS4wNzdhLjk4Ny45ODcgMCAwIDAtLjMyNC0uOTg1bC00LjAxMi0zLjM5NmMtLjY4LS41NzUtLjMxOC0xLjY3NS41NzQtMS43NDZsNS4yNjYtLjQxN2MuMzc2LS4wMy43MDQtLjI2NS44NDktLjYwOWwyLjAyOS00LjgyWm0yNCAwYy4zNDQtLjgxNiAxLjUxNS0uODE2IDEuODU5IDBsMi4wMjkgNC44MmMuMTQ1LjM0My40NzMuNTc5Ljg0OS42MDhsNS4yNjYuNDE3Yy44OTIuMDcxIDEuMjU0IDEuMTcxLjU3NCAxLjc0Nkw2My42MzUgMTEuNmEuOTg3Ljk4NyAwIDAgMC0uMzI1Ljk4NWwxLjIyNiA1LjA3N2MuMjA4Ljg2LS43NCAxLjU0LTEuNTAzIDEuMDhsLTQuNTA5LTIuNzIxYTEuMDE2IDEuMDE2IDAgMCAwLTEuMDQ5IDBsLTQuNTA4IDIuNzJjLS43NjQuNDYxLTEuNzExLS4yMTktMS41MDMtMS4wNzlsMS4yMjUtNS4wNzdhLjk4Ny45ODcgMCAwIDAtLjMyNC0uOTg1bC00LjAxMi0zLjM5NmMtLjY4LS41NzUtLjMxOC0xLjY3NS41NzQtMS43NDZsNS4yNjYtLjQxN2MuMzc2LS4wMy43MDQtLjI2NS44NDktLjYwOWwyLjAyOS00LjgyWm0yNCAwYy4zNDUtLjgxNiAxLjUxNS0uODE2IDEuODU5IDBsMi4wMjkgNC44MmMuMTQ1LjM0My40NzIuNTc5Ljg0OS42MDhsNS4yNjYuNDE3Yy44OTIuMDcxIDEuMjU0IDEuMTcxLjU3NCAxLjc0Nkw4Ny42MzUgMTEuNmEuOTg3Ljk4NyAwIDAgMC0uMzI1Ljk4NWwxLjIyNiA1LjA3N2MuMjA4Ljg2LS43NCAxLjU0LTEuNTAzIDEuMDhsLTQuNTA5LTIuNzIxYTEuMDE2IDEuMDE2IDAgMCAwLTEuMDQ5IDBsLTQuNTA4IDIuNzJjLS43NjQuNDYxLTEuNzExLS4yMTktMS41MDQtMS4wNzlsMS4yMjYtNS4wNzdhLjk4Ny45ODcgMCAwIDAtLjMyNC0uOTg1bC00LjAxMi0zLjM5NmMtLjY4LS41NzUtLjMxOC0xLjY3NS41NzQtMS43NDZsNS4yNjYtLjQxN2MuMzc2LS4wMy43MDQtLjI2NS44NDktLjYwOUw4MS4wNy42MTJabTI0LjAwMSAwYy4zNDMtLjgxNiAxLjUxNC0uODE2IDEuODU4IDBsMi4wMjkgNC44MmMuMTQ1LjM0My40NzIuNTc5Ljg0OC42MDhsNS4yNjYuNDE3Yy44OTMuMDcxIDEuMjU0IDEuMTcxLjU3NSAxLjc0NmwtNC4wMTIgMy4zOTZhLjk4OC45ODggMCAwIDAtLjMyNS45ODVsMS4yMjYgNS4wNzdjLjIwOC44Ni0uNzM5IDEuNTQtMS41MDMgMS4wOGwtNC41MDktMi43MjFhMS4wMTYgMS4wMTYgMCAwIDAtMS4wNDkgMGwtNC41MDggMi43MmMtLjc2NC40NjEtMS43MTEtLjIxOS0xLjUwNC0xLjA3OWwxLjIyNi01LjA3N2EuOTg1Ljk4NSAwIDAgMC0uMzI0LS45ODVsLTQuMDEyLTMuMzk2Yy0uNjgtLjU3NS0uMzE4LTEuNjc1LjU3NC0xLjc0Nmw1LjI2Ni0uNDE3Yy4zNzYtLjAzLjcwNC0uMjY1Ljg0OS0uNjA5bDIuMDI5LTQuODE5WiIvPjwvZz48ZGVmcz48Y2xpcFBhdGggaWQ9ImEiPjxwYXRoIGZpbGw9IiNmZmYiIGQ9Ik0wIDBoMTE2djE4Ljg4OUgweiIvPjwvY2xpcFBhdGg+PC9kZWZzPjwvc3ZnPg==\" alt=\"\"\/><\/figure>\n\n\n\n<p style=\"margin-top:var(--wp--preset--spacing--20);font-style:normal;font-weight:500\">Un viaje inspirador explorando las maravillas de la naturaleza a trav\u00e9s del Podcast F\u00e9lix.<\/p>\n\n\n\n<div class=\"wp-block-group is-nowrap is-layout-flex wp-container-core-group-is-layout-3b4e9d3e wp-block-group-is-layout-flex\">\n<figure class=\"wp-block-image aligncenter is-style-rounded\"><img decoding=\"async\" src=\"https:\/\/www.felixrodriguezdelafuente.club\/es\/wp-content\/uploads\/2025\/01\/88f4f478b4facc07ee935defc775dd33d7034bdd.jpg\" alt=\"\" class=\"wp-image-91\" style=\"aspect-ratio:1;object-fit:cover\"\/><\/figure>\n\n\n\n<div class=\"wp-block-group has-global-padding is-layout-constrained wp-block-group-is-layout-constrained\">\n<h4 class=\"wp-block-heading has-text-align-left has-small-font-size\">Entusiasta de la naturaleza<\/h4>\n\n\n\n<p class=\"has-text-align-left has-small-font-size\" style=\"margin-top:2px\">Defensora de la Vida Silvestre<\/p>\n<\/div>\n<\/div>\n<\/div>\n<\/div>\n\n\n\n<div class=\"wp-block-column is-layout-flow wp-block-column-is-layout-flow\">\n<div class=\"wp-block-group has-background-background-color has-background has-global-padding is-layout-constrained wp-container-core-group-is-layout-a35945ca wp-block-group-is-layout-constrained\" style=\"border-radius:4px;padding-top:var(--wp--preset--spacing--30);padding-right:var(--wp--preset--spacing--30);padding-bottom:var(--wp--preset--spacing--30);padding-left:var(--wp--preset--spacing--30)\">\n<figure class=\"wp-block-image size-large wp-duotone-varpresetduotoneprimary-foreground-2\"><img decoding=\"async\" src=\"data:image\/svg+xml;base64,PHN2ZyB4bWxucz0iaHR0cDovL3d3dy53My5vcmcvMjAwMC9zdmciIHdpZHRoPSIxMTYiIGhlaWdodD0iMTkiIGZpbGw9Im5vbmUiIHZpZXdCb3g9IjAgMCAxMTYgMTkiPjxnIGNsaXAtcGF0aD0idXJsKCNhKSI+PHBhdGggZmlsbD0iIzAwMCIgZD0iTTkuMDcuNjEyYy4zNDUtLjgxNiAxLjUxNS0uODE2IDEuODYgMGwyLjAyOCA0LjgyYy4xNDUuMzQzLjQ3My41NzkuODQ5LjYwOGw1LjI2Ni40MTdjLjg5Mi4wNzEgMS4yNTQgMS4xNzEuNTc0IDEuNzQ2TDE1LjYzNSAxMS42YS45ODcuOTg3IDAgMCAwLS4zMjQuOTg1bDEuMjI1IDUuMDc3Yy4yMDguODYtLjc0IDEuNTQtMS41MDMgMS4wOGwtNC41MDgtMi43MjFhMS4wMTYgMS4wMTYgMCAwIDAtMS4wNSAwbC00LjUwOCAyLjcyYy0uNzY0LjQ2MS0xLjcxMS0uMjE5LTEuNTAzLTEuMDc5bDEuMjI1LTUuMDc3YS45ODcuOTg3IDAgMCAwLS4zMjQtLjk4NUwuMzUzIDguMjAzYy0uNjgtLjU3NS0uMzE4LTEuNjc1LjU3NC0xLjc0Nmw1LjI2Ni0uNDE3Yy4zNzctLjAzLjcwNC0uMjY1Ljg1LS42MDlMOS4wNy42MTJabTI0IDBjLjM0NS0uODE2IDEuNTE1LS44MTYgMS44NiAwbDIuMDI4IDQuODJjLjE0NS4zNDMuNDczLjU3OS44NDkuNjA4bDUuMjY2LjQxN2MuODkyLjA3MSAxLjI1NCAxLjE3MS41NzQgMS43NDZMMzkuNjM1IDExLjZhLjk4Ny45ODcgMCAwIDAtLjMyNS45ODVsMS4yMjYgNS4wNzdjLjIwOC44Ni0uNzQgMS41NC0xLjUwMyAxLjA4bC00LjUwOC0yLjcyMWExLjAxNiAxLjAxNiAwIDAgMC0xLjA1IDBsLTQuNTA4IDIuNzJjLS43NjQuNDYxLTEuNzExLS4yMTktMS41MDMtMS4wNzlsMS4yMjUtNS4wNzdhLjk4Ny45ODcgMCAwIDAtLjMyNC0uOTg1bC00LjAxMi0zLjM5NmMtLjY4LS41NzUtLjMxOC0xLjY3NS41NzQtMS43NDZsNS4yNjYtLjQxN2MuMzc2LS4wMy43MDQtLjI2NS44NDktLjYwOWwyLjAyOS00LjgyWm0yNCAwYy4zNDQtLjgxNiAxLjUxNS0uODE2IDEuODU5IDBsMi4wMjkgNC44MmMuMTQ1LjM0My40NzMuNTc5Ljg0OS42MDhsNS4yNjYuNDE3Yy44OTIuMDcxIDEuMjU0IDEuMTcxLjU3NCAxLjc0Nkw2My42MzUgMTEuNmEuOTg3Ljk4NyAwIDAgMC0uMzI1Ljk4NWwxLjIyNiA1LjA3N2MuMjA4Ljg2LS43NCAxLjU0LTEuNTAzIDEuMDhsLTQuNTA5LTIuNzIxYTEuMDE2IDEuMDE2IDAgMCAwLTEuMDQ5IDBsLTQuNTA4IDIuNzJjLS43NjQuNDYxLTEuNzExLS4yMTktMS41MDMtMS4wNzlsMS4yMjUtNS4wNzdhLjk4Ny45ODcgMCAwIDAtLjMyNC0uOTg1bC00LjAxMi0zLjM5NmMtLjY4LS41NzUtLjMxOC0xLjY3NS41NzQtMS43NDZsNS4yNjYtLjQxN2MuMzc2LS4wMy43MDQtLjI2NS44NDktLjYwOWwyLjAyOS00LjgyWm0yNCAwYy4zNDUtLjgxNiAxLjUxNS0uODE2IDEuODU5IDBsMi4wMjkgNC44MmMuMTQ1LjM0My40NzIuNTc5Ljg0OS42MDhsNS4yNjYuNDE3Yy44OTIuMDcxIDEuMjU0IDEuMTcxLjU3NCAxLjc0Nkw4Ny42MzUgMTEuNmEuOTg3Ljk4NyAwIDAgMC0uMzI1Ljk4NWwxLjIyNiA1LjA3N2MuMjA4Ljg2LS43NCAxLjU0LTEuNTAzIDEuMDhsLTQuNTA5LTIuNzIxYTEuMDE2IDEuMDE2IDAgMCAwLTEuMDQ5IDBsLTQuNTA4IDIuNzJjLS43NjQuNDYxLTEuNzExLS4yMTktMS41MDQtMS4wNzlsMS4yMjYtNS4wNzdhLjk4Ny45ODcgMCAwIDAtLjMyNC0uOTg1bC00LjAxMi0zLjM5NmMtLjY4LS41NzUtLjMxOC0xLjY3NS41NzQtMS43NDZsNS4yNjYtLjQxN2MuMzc2LS4wMy43MDQtLjI2NS44NDktLjYwOUw4MS4wNy42MTJabTI0LjAwMSAwYy4zNDMtLjgxNiAxLjUxNC0uODE2IDEuODU4IDBsMi4wMjkgNC44MmMuMTQ1LjM0My40NzIuNTc5Ljg0OC42MDhsNS4yNjYuNDE3Yy44OTMuMDcxIDEuMjU0IDEuMTcxLjU3NSAxLjc0NmwtNC4wMTIgMy4zOTZhLjk4OC45ODggMCAwIDAtLjMyNS45ODVsMS4yMjYgNS4wNzdjLjIwOC44Ni0uNzM5IDEuNTQtMS41MDMgMS4wOGwtNC41MDktMi43MjFhMS4wMTYgMS4wMTYgMCAwIDAtMS4wNDkgMGwtNC41MDggMi43MmMtLjc2NC40NjEtMS43MTEtLjIxOS0xLjUwNC0xLjA3OWwxLjIyNi01LjA3N2EuOTg1Ljk4NSAwIDAgMC0uMzI0LS45ODVsLTQuMDEyLTMuMzk2Yy0uNjgtLjU3NS0uMzE4LTEuNjc1LjU3NC0xLjc0Nmw1LjI2Ni0uNDE3Yy4zNzYtLjAzLjcwNC0uMjY1Ljg0OS0uNjA5bDIuMDI5LTQuODE5WiIvPjwvZz48ZGVmcz48Y2xpcFBhdGggaWQ9ImEiPjxwYXRoIGZpbGw9IiNmZmYiIGQ9Ik0wIDBoMTE2djE4Ljg4OUgweiIvPjwvY2xpcFBhdGg+PC9kZWZzPjwvc3ZnPg==\" alt=\"\"\/><\/figure>\n\n\n\n<p style=\"margin-top:var(--wp--preset--spacing--20);font-style:normal;font-weight:500\">Una experiencia transformadora, verdaderamente esclarecedora y satisfactoria.<\/p>\n\n\n\n<div class=\"wp-block-group is-nowrap is-layout-flex wp-container-core-group-is-layout-3b4e9d3e wp-block-group-is-layout-flex\">\n<figure class=\"wp-block-image aligncenter is-style-rounded\"><img decoding=\"async\" src=\"https:\/\/www.felixrodriguezdelafuente.club\/es\/wp-content\/uploads\/2025\/01\/10dc0b25f0777c6ec8e642c2701be36855faed47.jpg\" alt=\"\" class=\"wp-image-92\" style=\"aspect-ratio:1;object-fit:cover\"\/><\/figure>\n\n\n\n<div class=\"wp-block-group has-global-padding is-layout-constrained wp-block-group-is-layout-constrained\">\n<h4 class=\"wp-block-heading has-text-align-left has-small-font-size\">Experta en vida silvestre<\/h4>\n\n\n\n<p class=\"has-text-align-left has-small-font-size\" style=\"margin-top:2px\">Especialista en conservaci\u00f3n<\/p>\n<\/div>\n<\/div>\n<\/div>\n<\/div>\n<\/div>\n<\/div>\n\n\n\n<div class=\"wp-block-group alignfull has-background-background-color has-background has-global-padding is-layout-constrained wp-container-core-group-is-layout-fb85e995 wp-block-group-is-layout-constrained\" id=\"about\" style=\"margin-top:0;margin-bottom:0;padding-top:var(--wp--preset--spacing--60);padding-right:var(--wp--preset--spacing--30);padding-bottom:var(--wp--preset--spacing--60);padding-left:var(--wp--preset--spacing--30)\">\n<h2 class=\"wp-block-heading has-text-align-center has-large-font-size\">Explora La Aventura de la Vida<\/h2>\n\n\n\n<p class=\"has-text-align-center\" style=\"margin-top:16px\">Profundiza en la comprensi\u00f3n de la naturaleza a trav\u00e9s del audio con reflexiones, ideas y aspiraciones futuras.<\/p>\n\n\n\n<figure class=\"wp-block-gallery alignwide has-nested-images columns-default is-cropped wp-block-gallery-3 is-layout-flex wp-block-gallery-is-layout-flex\">\n<figure class=\"wp-block-image size-large\"><img loading=\"lazy\" decoding=\"async\" width=\"1024\" height=\"768\" data-id=\"249\" src=\"https:\/\/www.felixrodriguezdelafuente.club\/es\/wp-content\/uploads\/2025\/01\/BVarillaBiografoFRF-1024x768.jpg\" alt=\"\" class=\"wp-image-249\" style=\"aspect-ratio:3\/4;object-fit:cover\" srcset=\"https:\/\/www.felixrodriguezdelafuente.club\/es\/wp-content\/uploads\/2025\/01\/BVarillaBiografoFRF-1024x768.jpg 1024w, https:\/\/www.felixrodriguezdelafuente.club\/es\/wp-content\/uploads\/2025\/01\/BVarillaBiografoFRF-300x225.jpg 300w, https:\/\/www.felixrodriguezdelafuente.club\/es\/wp-content\/uploads\/2025\/01\/BVarillaBiografoFRF-768x576.jpg 768w, https:\/\/www.felixrodriguezdelafuente.club\/es\/wp-content\/uploads\/2025\/01\/BVarillaBiografoFRF.jpg 1280w\" sizes=\"auto, (max-width: 1024px) 100vw, 1024px\" \/><\/figure>\n\n\n\n<figure class=\"wp-block-image size-full\"><img loading=\"lazy\" decoding=\"async\" width=\"665\" height=\"703\" data-id=\"153\" src=\"https:\/\/www.felixrodriguezdelafuente.club\/es\/wp-content\/uploads\/2025\/01\/1felixyelloboft.jpg\" alt=\"\" class=\"wp-image-153\" style=\"aspect-ratio:3\/4;object-fit:cover\" srcset=\"https:\/\/www.felixrodriguezdelafuente.club\/es\/wp-content\/uploads\/2025\/01\/1felixyelloboft.jpg 665w, https:\/\/www.felixrodriguezdelafuente.club\/es\/wp-content\/uploads\/2025\/01\/1felixyelloboft-284x300.jpg 284w\" sizes=\"auto, (max-width: 665px) 100vw, 665px\" \/><figcaption class=\"wp-element-caption\">LEAD Technologies Inc. V1.01<\/figcaption><\/figure>\n\n\n\n<figure class=\"wp-block-image size-full\"><img loading=\"lazy\" decoding=\"async\" width=\"1111\" height=\"1541\" data-id=\"274\" src=\"https:\/\/www.felixrodriguezdelafuente.club\/es\/wp-content\/uploads\/2025\/01\/TonoFelix1BN-copia.jpg\" alt=\"\" class=\"wp-image-274\" style=\"aspect-ratio:3\/4;object-fit:cover\" srcset=\"https:\/\/www.felixrodriguezdelafuente.club\/es\/wp-content\/uploads\/2025\/01\/TonoFelix1BN-copia.jpg 1111w, https:\/\/www.felixrodriguezdelafuente.club\/es\/wp-content\/uploads\/2025\/01\/TonoFelix1BN-copia-216x300.jpg 216w, https:\/\/www.felixrodriguezdelafuente.club\/es\/wp-content\/uploads\/2025\/01\/TonoFelix1BN-copia-738x1024.jpg 738w, https:\/\/www.felixrodriguezdelafuente.club\/es\/wp-content\/uploads\/2025\/01\/TonoFelix1BN-copia-768x1065.jpg 768w, https:\/\/www.felixrodriguezdelafuente.club\/es\/wp-content\/uploads\/2025\/01\/TonoFelix1BN-copia-1107x1536.jpg 1107w\" sizes=\"auto, (max-width: 1111px) 100vw, 1111px\" \/><\/figure>\n<\/figure>\n<\/div>\n\n\n\n<div class=\"wp-block-group alignfull has-tertiary-background-color has-background has-global-padding is-layout-constrained wp-container-core-group-is-layout-7276a2bb wp-block-group-is-layout-constrained\" id=\"gallery\" style=\"margin-top:0;margin-bottom:0;padding-top:var(--wp--preset--spacing--60);padding-right:var(--wp--preset--spacing--30);padding-bottom:var(--wp--preset--spacing--60);padding-left:var(--wp--preset--spacing--30)\">\n<div class=\"wp-block-group alignwide has-global-padding is-content-justification-left is-layout-constrained wp-container-core-group-is-layout-8b4c372c wp-block-group-is-layout-constrained\">\n<h2 class=\"wp-block-heading has-large-font-size\">Voces de \u00c1frica y el Atl\u00e1ntico<\/h2>\n\n\n\n<p style=\"margin-top:16px\">Descubre clips de audio seleccionados que capturan el esp\u00edritu de lo libre salvaje.<\/p>\n<\/div>\n\n\n\n<div class=\"wp-block-columns alignwide is-layout-flex wp-container-core-columns-is-layout-28f84493 wp-block-columns-is-layout-flex\">\n<div class=\"wp-block-column is-layout-flow wp-block-column-is-layout-flow\" style=\"flex-basis:50%\">\n<div class=\"wp-block-cover is-light\" style=\"min-height:100%;aspect-ratio:unset;\"><img loading=\"lazy\" decoding=\"async\" width=\"540\" height=\"381\" class=\"wp-block-cover__image-background wp-image-260 size-full\" alt=\"\" src=\"https:\/\/www.felixrodriguezdelafuente.club\/es\/wp-content\/uploads\/2025\/01\/FRFpigmeos.png\" data-object-fit=\"cover\" srcset=\"https:\/\/www.felixrodriguezdelafuente.club\/es\/wp-content\/uploads\/2025\/01\/FRFpigmeos.png 540w, https:\/\/www.felixrodriguezdelafuente.club\/es\/wp-content\/uploads\/2025\/01\/FRFpigmeos-300x212.png 300w\" sizes=\"auto, (max-width: 540px) 100vw, 540px\" \/><span aria-hidden=\"true\" class=\"wp-block-cover__background has-background-dim-0 has-background-dim\" style=\"background-color:#ababab\"><\/span><div class=\"wp-block-cover__inner-container is-layout-flow wp-block-cover-is-layout-flow\">\n<div style=\"height:380px\" aria-hidden=\"true\" class=\"wp-block-spacer\"><\/div>\n<\/div><\/div>\n<\/div>\n\n\n\n<div class=\"wp-block-column is-layout-flow wp-container-core-column-is-layout-f5bb311e wp-block-column-is-layout-flow\">\n<figure class=\"wp-block-image ext-aspect-landscape\"><img decoding=\"async\" src=\"https:\/\/www.felixrodriguezdelafuente.club\/es\/wp-content\/uploads\/2025\/01\/522e8a253f0379a08ffb20815487197b64d16497.jpg\" alt=\"\" class=\"wp-image-51\" style=\"aspect-ratio:1;object-fit:cover\"\/><\/figure>\n\n\n\n<figure class=\"wp-block-image size-full ext-aspect-landscape\"><img loading=\"lazy\" decoding=\"async\" width=\"415\" height=\"223\" src=\"https:\/\/www.felixrodriguezdelafuente.club\/es\/wp-content\/uploads\/2025\/01\/felix-2.jpg\" alt=\"\" class=\"wp-image-290\" style=\"aspect-ratio:1;object-fit:cover\" srcset=\"https:\/\/www.felixrodriguezdelafuente.club\/es\/wp-content\/uploads\/2025\/01\/felix-2.jpg 415w, https:\/\/www.felixrodriguezdelafuente.club\/es\/wp-content\/uploads\/2025\/01\/felix-2-300x161.jpg 300w\" sizes=\"auto, (max-width: 415px) 100vw, 415px\" \/><\/figure>\n<\/div>\n\n\n\n<div class=\"wp-block-column is-layout-flow wp-container-core-column-is-layout-f5bb311e wp-block-column-is-layout-flow\">\n<figure class=\"wp-block-image size-large ext-aspect-landscape\"><img loading=\"lazy\" decoding=\"async\" width=\"1024\" height=\"731\" src=\"https:\/\/www.felixrodriguezdelafuente.club\/es\/wp-content\/uploads\/2025\/06\/PHOTO-2024-05-05-23-14-00-1024x731.jpeg\" alt=\"\" class=\"wp-image-422\" style=\"aspect-ratio:1;object-fit:cover\" srcset=\"https:\/\/www.felixrodriguezdelafuente.club\/es\/wp-content\/uploads\/2025\/06\/PHOTO-2024-05-05-23-14-00-1024x731.jpeg 1024w, https:\/\/www.felixrodriguezdelafuente.club\/es\/wp-content\/uploads\/2025\/06\/PHOTO-2024-05-05-23-14-00-300x214.jpeg 300w, https:\/\/www.felixrodriguezdelafuente.club\/es\/wp-content\/uploads\/2025\/06\/PHOTO-2024-05-05-23-14-00-768x548.jpeg 768w, https:\/\/www.felixrodriguezdelafuente.club\/es\/wp-content\/uploads\/2025\/06\/PHOTO-2024-05-05-23-14-00-1536x1096.jpeg 1536w, https:\/\/www.felixrodriguezdelafuente.club\/es\/wp-content\/uploads\/2025\/06\/PHOTO-2024-05-05-23-14-00.jpeg 1600w\" sizes=\"auto, (max-width: 1024px) 100vw, 1024px\" \/><\/figure>\n\n\n\n<figure class=\"wp-block-image ext-aspect-landscape\"><img decoding=\"async\" src=\"https:\/\/www.felixrodriguezdelafuente.club\/es\/wp-content\/uploads\/2025\/01\/7b2ed8eabb42a9a39cd642cbf1a84aedf55d9887.jpg\" alt=\"\" class=\"wp-image-93\" style=\"aspect-ratio:1;object-fit:cover\"\/><\/figure>\n<\/div>\n<\/div>\n<\/div>\n","protected":false},"excerpt":{"rendered":"<p>Testimonios sobre los audios de Rodr\u00edguez de la Fuente Comentarios sobre el impacto del discurso de F\u00e9lix en su audiencia. Un viaje inspirador explorando las maravillas de la naturaleza a trav\u00e9s del Podcast F\u00e9lix. Entusiasta de la naturaleza Defensora de la Vida Silvestre Una experiencia transformadora, verdaderamente esclarecedora y satisfactoria. Experta en vida silvestre Especialista [&hellip;]<\/p>\n","protected":false},"author":1,"featured_media":0,"parent":0,"menu_order":0,"comment_status":"closed","ping_status":"closed","template":"","meta":{"footnotes":""},"class_list":["post-22","page","type-page","status-publish","hentry"],"aioseo_notices":[],"jetpack_sharing_enabled":true,"_links":{"self":[{"href":"https:\/\/www.felixrodriguezdelafuente.club\/es\/wp-json\/wp\/v2\/pages\/22","targetHints":{"allow":["GET"]}}],"collection":[{"href":"https:\/\/www.felixrodriguezdelafuente.club\/es\/wp-json\/wp\/v2\/pages"}],"about":[{"href":"https:\/\/www.felixrodriguezdelafuente.club\/es\/wp-json\/wp\/v2\/types\/page"}],"author":[{"embeddable":true,"href":"https:\/\/www.felixrodriguezdelafuente.club\/es\/wp-json\/wp\/v2\/users\/1"}],"replies":[{"embeddable":true,"href":"https:\/\/www.felixrodriguezdelafuente.club\/es\/wp-json\/wp\/v2\/comments?post=22"}],"version-history":[{"count":6,"href":"https:\/\/www.felixrodriguezdelafuente.club\/es\/wp-json\/wp\/v2\/pages\/22\/revisions"}],"predecessor-version":[{"id":423,"href":"https:\/\/www.felixrodriguezdelafuente.club\/es\/wp-json\/wp\/v2\/pages\/22\/revisions\/423"}],"wp:attachment":[{"href":"https:\/\/www.felixrodriguezdelafuente.club\/es\/wp-json\/wp\/v2\/media?parent=22"}],"curies":[{"name":"wp","href":"https:\/\/api.w.org\/{rel}","templated":true}]}}