{"id":15,"date":"2025-01-05T07:43:48","date_gmt":"2025-01-05T07:43:48","guid":{"rendered":"https:\/\/www.felixrodriguezdelafuente.club\/es\/faq\/"},"modified":"2025-06-17T21:52:02","modified_gmt":"2025-06-17T19:52:02","slug":"faq","status":"publish","type":"page","link":"https:\/\/www.felixrodriguezdelafuente.club\/es\/faq\/","title":{"rendered":"FAQ"},"content":{"rendered":"\n<div class=\"wp-block-group alignfull has-background-background-color has-background has-global-padding is-layout-constrained wp-block-group-is-layout-constrained\" style=\"margin-top:0;margin-bottom:0;padding-top:0;padding-bottom:0\">\n<div class=\"wp-block-cover alignfull\" style=\"padding-top:0;padding-right:var(--wp--preset--spacing--30);padding-bottom:0;padding-left:var(--wp--preset--spacing--30);min-height:50px;aspect-ratio:unset;\"><img loading=\"lazy\" decoding=\"async\" width=\"1280\" height=\"853\" class=\"wp-block-cover__image-background wp-image-49\" alt=\"\" src=\"https:\/\/www.felixrodriguezdelafuente.club\/es\/wp-content\/uploads\/2025\/01\/c0449274a1e61e7e0aea866c21d2c4b1109b536e.jpg\" data-object-fit=\"cover\" srcset=\"https:\/\/www.felixrodriguezdelafuente.club\/es\/wp-content\/uploads\/2025\/01\/c0449274a1e61e7e0aea866c21d2c4b1109b536e.jpg 1280w, https:\/\/www.felixrodriguezdelafuente.club\/es\/wp-content\/uploads\/2025\/01\/c0449274a1e61e7e0aea866c21d2c4b1109b536e-300x200.jpg 300w, https:\/\/www.felixrodriguezdelafuente.club\/es\/wp-content\/uploads\/2025\/01\/c0449274a1e61e7e0aea866c21d2c4b1109b536e-1024x682.jpg 1024w, https:\/\/www.felixrodriguezdelafuente.club\/es\/wp-content\/uploads\/2025\/01\/c0449274a1e61e7e0aea866c21d2c4b1109b536e-768x512.jpg 768w\" sizes=\"auto, (max-width: 1280px) 100vw, 1280px\" \/><span aria-hidden=\"true\" class=\"wp-block-cover__background has-black-background-color has-background-dim-60 has-background-dim\"><\/span><div class=\"wp-block-cover__inner-container is-layout-flow wp-block-cover-is-layout-flow\">\n<div class=\"wp-block-group has-global-padding is-layout-constrained wp-block-group-is-layout-constrained\" style=\"padding-top:var(--wp--preset--spacing--60);padding-bottom:var(--wp--preset--spacing--60)\">\n<h1 class=\"wp-block-heading alignwide has-text-align-left has-text-color has-x-large-font-size\" style=\"color:#fffffffc\">Antes y ahora: un an\u00e1lisis comparativo<\/h1>\n<\/div>\n<\/div><\/div>\n<\/div>\n\n\n\n<div class=\"wp-block-group alignfull has-tertiary-background-color has-background has-global-padding is-layout-constrained wp-container-core-group-is-layout-7276a2bb wp-block-group-is-layout-constrained\" id=\"faq\" style=\"margin-top:0;margin-bottom:0;padding-top:var(--wp--preset--spacing--60);padding-right:var(--wp--preset--spacing--30);padding-bottom:var(--wp--preset--spacing--60);padding-left:var(--wp--preset--spacing--30)\">\n<div class=\"wp-block-columns alignwide is-layout-flex wp-container-core-columns-is-layout-714d85e9 wp-block-columns-is-layout-flex\">\n<div class=\"wp-block-column is-layout-flow wp-block-column-is-layout-flow\" style=\"flex-basis:33.33%\">\n<h2 class=\"wp-block-heading has-text-align-left has-large-font-size\">Legado de F\u00e9lix Rodr\u00edguez de la Fuente<\/h2>\n\n\n\n<p class=\"has-text-align-left\" style=\"margin-top:16px\">Encuentra respuestas a las preguntas m\u00e1s frecuentes sobre el contenido de nuestro podcast.<\/p>\n<\/div>\n\n\n\n<div class=\"wp-block-column is-layout-flow wp-block-column-is-layout-flow\" style=\"flex-basis:66.66%\">\n<div class=\"wp-block-group is-layout-flow wp-block-group-is-layout-flow\" style=\"border-bottom-color:var(--wp--preset--color--tertiary);border-bottom-width:1px;margin-top:0;padding-top:0;padding-bottom:var(--wp--preset--spacing--30)\">\n<h4 class=\"wp-block-heading has-medium-font-size\">How can I access the audio files?<\/h4>\n\n\n\n<p class=\"has-small-font-size\" style=\"margin-top:12px\">Visit our blog for categorized audio links.<\/p>\n<\/div>\n\n\n\n<div class=\"wp-block-group is-layout-flow wp-block-group-is-layout-flow\" style=\"border-bottom-color:var(--wp--preset--color--tertiary);border-bottom-width:1px;margin-top:0;padding-top:var(--wp--preset--spacing--30);padding-bottom:var(--wp--preset--spacing--30)\">\n<h4 class=\"wp-block-heading has-medium-font-size\">What topics are covered in the podcast?<\/h4>\n\n\n\n<p class=\"has-small-font-size\" style=\"margin-top:12px\">Explore themes like Fauna, Africa, and more.<\/p>\n<\/div>\n\n\n\n<div class=\"wp-block-group is-layout-flow wp-block-group-is-layout-flow\" style=\"border-bottom-color:var(--wp--preset--color--tertiary);border-bottom-width:1px;margin-top:0;padding-top:var(--wp--preset--spacing--30);padding-bottom:var(--wp--preset--spacing--30)\">\n<h4 class=\"wp-block-heading has-medium-font-size\">How does the blog enhance audio content?<\/h4>\n\n\n\n<p class=\"has-small-font-size\" style=\"margin-top:12px\">We provide analysis and updates to past episodes.<\/p>\n<\/div>\n\n\n\n<div class=\"wp-block-group is-layout-flow wp-block-group-is-layout-flow\" style=\"margin-top:0;padding-top:var(--wp--preset--spacing--30);padding-bottom:0\">\n<h4 class=\"wp-block-heading has-medium-font-size\">Where can I find original broadcasts?<\/h4>\n\n\n\n<p class=\"has-small-font-size\" style=\"margin-top:12px\">Original episodes are available on RTVE&#8217;s website.<\/p>\n<\/div>\n<\/div>\n<\/div>\n<\/div>\n\n\n\n<div class=\"wp-block-group alignfull has-background-background-color has-background has-global-padding is-layout-constrained wp-container-core-group-is-layout-7276a2bb wp-block-group-is-layout-constrained\" id=\"resources\" style=\"margin-top:0;margin-bottom:0;padding-top:var(--wp--preset--spacing--60);padding-right:var(--wp--preset--spacing--30);padding-bottom:var(--wp--preset--spacing--60);padding-left:var(--wp--preset--spacing--30)\">\n<div class=\"wp-block-group alignwide has-global-padding is-content-justification-left is-layout-constrained wp-container-core-group-is-layout-8b4c372c wp-block-group-is-layout-constrained\">\n<h2 class=\"wp-block-heading has-large-font-size\">Discovering the free<\/h2>\n\n\n\n<p style=\"margin-top:16px\">Accede a una variedad de recursos que ofrecen informaci\u00f3n sobre el legado de F\u00e9lix Rodr\u00edguez de la Fuente.<\/p>\n<\/div>\n\n\n\n<div class=\"wp-block-columns alignwide is-layout-flex wp-container-core-columns-is-layout-a88a3fd8 wp-block-columns-is-layout-flex\">\n<div class=\"wp-block-column is-layout-flow wp-block-column-is-layout-flow\">\n<figure class=\"wp-block-image ext-aspect-landscape\"><img loading=\"lazy\" decoding=\"async\" width=\"1280\" height=\"1920\" src=\"https:\/\/www.felixrodriguezdelafuente.club\/es\/wp-content\/uploads\/2025\/01\/c9d8bef321509e05d41cf2c4fac110c995b96e6a.jpg\" alt=\"\" class=\"wp-image-65\" style=\"aspect-ratio:4\/3;object-fit:cover\" srcset=\"https:\/\/www.felixrodriguezdelafuente.club\/es\/wp-content\/uploads\/2025\/01\/c9d8bef321509e05d41cf2c4fac110c995b96e6a.jpg 1280w, https:\/\/www.felixrodriguezdelafuente.club\/es\/wp-content\/uploads\/2025\/01\/c9d8bef321509e05d41cf2c4fac110c995b96e6a-200x300.jpg 200w, https:\/\/www.felixrodriguezdelafuente.club\/es\/wp-content\/uploads\/2025\/01\/c9d8bef321509e05d41cf2c4fac110c995b96e6a-683x1024.jpg 683w, https:\/\/www.felixrodriguezdelafuente.club\/es\/wp-content\/uploads\/2025\/01\/c9d8bef321509e05d41cf2c4fac110c995b96e6a-768x1152.jpg 768w, https:\/\/www.felixrodriguezdelafuente.club\/es\/wp-content\/uploads\/2025\/01\/c9d8bef321509e05d41cf2c4fac110c995b96e6a-1024x1536.jpg 1024w\" sizes=\"auto, (max-width: 1280px) 100vw, 1280px\" \/><\/figure>\n\n\n\n<h3 class=\"wp-block-heading\" style=\"margin-top:24px;font-size:clamp(14px, 0.875rem + ((1vw - 3.2px) * 0.625), 20px);line-height:1.5\">Sound<\/h3>\n\n\n\n<p class=\"has-small-font-size\" style=\"margin-top:8px\">Explore how sound shapes the world around us.<\/p>\n\n\n\n<div class=\"wp-block-buttons is-layout-flex wp-block-buttons-is-layout-flex\">\n<div class=\"wp-block-button\"><a class=\"wp-block-button__link has-small-font-size has-custom-font-size wp-element-button\" href=\"https:\/\/www.felixrodriguezdelafuente.club\/es\/resources\">Listen Now<\/a><\/div>\n<\/div>\n<\/div>\n\n\n\n<div class=\"wp-block-column is-layout-flow wp-block-column-is-layout-flow\">\n<figure class=\"wp-block-image size-full ext-aspect-landscape\"><img loading=\"lazy\" decoding=\"async\" width=\"183\" height=\"227\" src=\"https:\/\/www.felixrodriguezdelafuente.club\/es\/wp-content\/uploads\/2025\/01\/cazaperro.png\" alt=\"\" class=\"wp-image-263\" style=\"aspect-ratio:4\/3;object-fit:cover\"\/><\/figure>\n\n\n\n<h3 class=\"wp-block-heading\" style=\"margin-top:24px;font-size:clamp(14px, 0.875rem + ((1vw - 3.2px) * 0.625), 20px);line-height:1.5\">Humanity<\/h3>\n\n\n\n<p class=\"has-small-font-size\" style=\"margin-top:8px\">Uncover the connections between humanity and nature.<\/p>\n\n\n\n<div class=\"wp-block-buttons is-layout-flex wp-block-buttons-is-layout-flex\">\n<div class=\"wp-block-button\"><a class=\"wp-block-button__link has-small-font-size has-custom-font-size wp-element-button\" href=\"https:\/\/www.felixrodriguezdelafuente.club\/es\/resources\">Explore Now<\/a><\/div>\n<\/div>\n<\/div>\n\n\n\n<div class=\"wp-block-column is-layout-flow wp-block-column-is-layout-flow\">\n<figure class=\"wp-block-image ext-aspect-landscape\"><img loading=\"lazy\" decoding=\"async\" width=\"1280\" height=\"852\" src=\"https:\/\/www.felixrodriguezdelafuente.club\/es\/wp-content\/uploads\/2025\/01\/d399ce72c116cece9a5d758462e5fed190b07c57.jpg\" alt=\"\" class=\"wp-image-67\" style=\"aspect-ratio:4\/3;object-fit:cover\" srcset=\"https:\/\/www.felixrodriguezdelafuente.club\/es\/wp-content\/uploads\/2025\/01\/d399ce72c116cece9a5d758462e5fed190b07c57.jpg 1280w, https:\/\/www.felixrodriguezdelafuente.club\/es\/wp-content\/uploads\/2025\/01\/d399ce72c116cece9a5d758462e5fed190b07c57-300x200.jpg 300w, https:\/\/www.felixrodriguezdelafuente.club\/es\/wp-content\/uploads\/2025\/01\/d399ce72c116cece9a5d758462e5fed190b07c57-1024x682.jpg 1024w, https:\/\/www.felixrodriguezdelafuente.club\/es\/wp-content\/uploads\/2025\/01\/d399ce72c116cece9a5d758462e5fed190b07c57-768x511.jpg 768w\" sizes=\"auto, (max-width: 1280px) 100vw, 1280px\" \/><\/figure>\n\n\n\n<h3 class=\"wp-block-heading\" style=\"margin-top:24px;font-size:clamp(14px, 0.875rem + ((1vw - 3.2px) * 0.625), 20px);line-height:1.5\">Fauna<\/h3>\n\n\n\n<p class=\"has-small-font-size\" style=\"margin-top:8px\">Dive into the diverse world of fauna and its wonders.<\/p>\n\n\n\n<div class=\"wp-block-buttons is-layout-flex wp-block-buttons-is-layout-flex\">\n<div class=\"wp-block-button\"><a class=\"wp-block-button__link has-small-font-size has-custom-font-size wp-element-button\" href=\"https:\/\/www.felixrodriguezdelafuente.club\/es\/resources\">Discover More<\/a><\/div>\n<\/div>\n<\/div>\n<\/div>\n<\/div>\n\n\n\n<div class=\"wp-block-group alignfull has-tertiary-background-color has-background has-global-padding is-layout-constrained wp-container-core-group-is-layout-7276a2bb wp-block-group-is-layout-constrained\" id=\"contact\" style=\"margin-top:0;margin-bottom:0;padding-top:var(--wp--preset--spacing--60);padding-right:var(--wp--preset--spacing--30);padding-bottom:var(--wp--preset--spacing--60);padding-left:var(--wp--preset--spacing--30)\">\n<div class=\"wp-block-group has-global-padding is-layout-constrained wp-block-group-is-layout-constrained\" style=\"margin-bottom:var(--wp--preset--spacing--40)\">\n<h2 class=\"wp-block-heading has-text-align-center has-large-font-size\">Insights into Childhood<\/h2>\n\n\n\n<p class=\"has-text-align-center\" style=\"margin-top:1rem\">Contact us for seamless communication.<\/p>\n<\/div>\n\n\n<div class=\"wpforms-container wpforms-container-full wpforms-block wpforms-block-9afe8130-2d97-4b16-9810-df903f92a81c wpforms-render-modern\" id=\"wpforms-11\"><form id=\"wpforms-form-11\" class=\"wpforms-validate wpforms-form wpforms-ajax-form\" data-formid=\"11\" method=\"post\" enctype=\"multipart\/form-data\" action=\"\/es\/wp-json\/wp\/v2\/pages\/15\" data-token=\"89b9bb459e3a90d1e2a42f53859bcc30\" data-token-time=\"1776674968\"><noscript class=\"wpforms-error-noscript\">Por favor, activa JavaScript en tu navegador para completar este formulario.<\/noscript><div id=\"wpforms-error-noscript\" style=\"display: none;\">Por favor, activa JavaScript en tu navegador para completar este formulario.<\/div><div class=\"wpforms-field-container\">\t\t<div id=\"wpforms-11-field_5-container\"\n\t\t\tclass=\"wpforms-field wpforms-field-text\"\n\t\t\tdata-field-type=\"text\"\n\t\t\tdata-field-id=\"5\"\n\t\t\t>\n\t\t\t<label class=\"wpforms-field-label\" for=\"wpforms-11-field_5\" >Name Subject Email<\/label>\n\t\t\t<input type=\"text\" id=\"wpforms-11-field_5\" class=\"wpforms-field-medium\" name=\"wpforms[fields][5]\" >\n\t\t<\/div>\n\t\t<div id=\"wpforms-11-field_1-container\" class=\"wpforms-field wpforms-field-name\" data-field-id=\"1\"><label class=\"wpforms-field-label\" for=\"wpforms-11-field_1\">Name <span class=\"wpforms-required-label\" aria-hidden=\"true\">*<\/span><\/label><input type=\"text\" id=\"wpforms-11-field_1\" class=\"wpforms-field-large wpforms-field-required\" name=\"wpforms[fields][1]\" aria-errormessage=\"wpforms-11-field_1-error\" required><\/div><div id=\"wpforms-11-field_2-container\" class=\"wpforms-field wpforms-field-email\" data-field-id=\"2\"><label class=\"wpforms-field-label\" for=\"wpforms-11-field_2\">Email <span class=\"wpforms-required-label\" aria-hidden=\"true\">*<\/span><\/label><input type=\"email\" id=\"wpforms-11-field_2\" class=\"wpforms-field-large wpforms-field-required\" name=\"wpforms[fields][2]\" spellcheck=\"false\" aria-errormessage=\"wpforms-11-field_2-error\" required><\/div><div id=\"wpforms-11-field_3-container\" class=\"wpforms-field wpforms-field-text\" data-field-id=\"3\"><label class=\"wpforms-field-label\" for=\"wpforms-11-field_3\">Subject<\/label><input type=\"text\" id=\"wpforms-11-field_3\" class=\"wpforms-field-large\" name=\"wpforms[fields][3]\" aria-errormessage=\"wpforms-11-field_3-error\" ><\/div><div id=\"wpforms-11-field_4-container\" class=\"wpforms-field wpforms-field-textarea\" data-field-id=\"4\"><label class=\"wpforms-field-label\" for=\"wpforms-11-field_4\">Message <span class=\"wpforms-required-label\" aria-hidden=\"true\">*<\/span><\/label><textarea id=\"wpforms-11-field_4\" class=\"wpforms-field-large wpforms-field-required\" name=\"wpforms[fields][4]\" aria-errormessage=\"wpforms-11-field_4-error\" required><\/textarea><\/div><script>\n\t\t\t\t( function() {\n\t\t\t\t\tconst style = document.createElement( 'style' );\n\t\t\t\t\tstyle.appendChild( document.createTextNode( '#wpforms-11-field_5-container { position: absolute !important; overflow: hidden !important; display: inline !important; height: 1px !important; width: 1px !important; z-index: -1000 !important; padding: 0 !important; } #wpforms-11-field_5-container input { visibility: hidden; } #wpforms-conversational-form-page #wpforms-11-field_5-container label { counter-increment: none; }' ) );\n\t\t\t\t\tdocument.head.appendChild( style );\n\t\t\t\t\tdocument.currentScript?.remove();\n\t\t\t\t} )();\n\t\t\t<\/script><\/div><!-- .wpforms-field-container --><div class=\"wpforms-submit-container\" ><input type=\"hidden\" name=\"wpforms[id]\" value=\"11\"><input type=\"hidden\" name=\"page_title\" value=\"\"><input type=\"hidden\" name=\"page_url\" value=\"https:\/\/www.felixrodriguezdelafuente.club\/es\/wp-json\/wp\/v2\/pages\/15\"><input type=\"hidden\" name=\"url_referer\" value=\"\"><button type=\"submit\" name=\"wpforms[submit]\" id=\"wpforms-submit-11\" class=\"wpforms-submit\" data-alt-text=\"Sending...\" data-submit-text=\"Submit\" aria-live=\"assertive\" value=\"wpforms-submit\">Submit<\/button><img loading=\"lazy\" decoding=\"async\" src=\"https:\/\/www.felixrodriguezdelafuente.club\/es\/wp-content\/plugins\/wpforms-lite\/assets\/images\/submit-spin.svg\" class=\"wpforms-submit-spinner\" style=\"display: none;\" width=\"26\" height=\"26\" alt=\"Cargando\"><\/div><\/form><\/div>  <!-- .wpforms-container --><\/div>\n","protected":false},"excerpt":{"rendered":"<p>Legado de F\u00e9lix Rodr\u00edguez de la Fuente Encuentra respuestas a las preguntas m\u00e1s frecuentes sobre el contenido de nuestro podcast. How can I access the audio files? Visit our blog for categorized audio links. What topics are covered in the podcast? Explore themes like Fauna, Africa, and more. How does the blog enhance audio content? [&hellip;]<\/p>\n","protected":false},"author":1,"featured_media":0,"parent":0,"menu_order":0,"comment_status":"closed","ping_status":"closed","template":"","meta":{"footnotes":""},"class_list":["post-15","page","type-page","status-publish","hentry"],"aioseo_notices":[],"jetpack_sharing_enabled":true,"_links":{"self":[{"href":"https:\/\/www.felixrodriguezdelafuente.club\/es\/wp-json\/wp\/v2\/pages\/15","targetHints":{"allow":["GET"]}}],"collection":[{"href":"https:\/\/www.felixrodriguezdelafuente.club\/es\/wp-json\/wp\/v2\/pages"}],"about":[{"href":"https:\/\/www.felixrodriguezdelafuente.club\/es\/wp-json\/wp\/v2\/types\/page"}],"author":[{"embeddable":true,"href":"https:\/\/www.felixrodriguezdelafuente.club\/es\/wp-json\/wp\/v2\/users\/1"}],"replies":[{"embeddable":true,"href":"https:\/\/www.felixrodriguezdelafuente.club\/es\/wp-json\/wp\/v2\/comments?post=15"}],"version-history":[{"count":5,"href":"https:\/\/www.felixrodriguezdelafuente.club\/es\/wp-json\/wp\/v2\/pages\/15\/revisions"}],"predecessor-version":[{"id":427,"href":"https:\/\/www.felixrodriguezdelafuente.club\/es\/wp-json\/wp\/v2\/pages\/15\/revisions\/427"}],"wp:attachment":[{"href":"https:\/\/www.felixrodriguezdelafuente.club\/es\/wp-json\/wp\/v2\/media?parent=15"}],"curies":[{"name":"wp","href":"https:\/\/api.w.org\/{rel}","templated":true}]}}