{"id":13,"date":"2025-01-05T07:43:46","date_gmt":"2025-01-05T07:43:46","guid":{"rendered":"https:\/\/www.felixrodriguezdelafuente.club\/es\/about\/"},"modified":"2025-06-17T23:35:58","modified_gmt":"2025-06-17T21:35:58","slug":"about","status":"publish","type":"page","link":"https:\/\/www.felixrodriguezdelafuente.club\/es\/about\/","title":{"rendered":"Cr\u00e9ditos"},"content":{"rendered":"\n<div class=\"wp-block-group alignfull has-background-background-color has-background has-global-padding is-layout-constrained wp-block-group-is-layout-constrained\" style=\"margin-top:0;margin-bottom:0;padding-top:0;padding-bottom:0\">\n<div class=\"wp-block-cover alignfull\" style=\"padding-top:0;padding-right:var(--wp--preset--spacing--30);padding-bottom:0;padding-left:var(--wp--preset--spacing--30);min-height:50px;aspect-ratio:unset;\"><img loading=\"lazy\" decoding=\"async\" width=\"1280\" height=\"853\" class=\"wp-block-cover__image-background wp-image-49\" alt=\"\" src=\"https:\/\/www.felixrodriguezdelafuente.club\/es\/wp-content\/uploads\/2025\/01\/c0449274a1e61e7e0aea866c21d2c4b1109b536e.jpg\" data-object-fit=\"cover\" srcset=\"https:\/\/www.felixrodriguezdelafuente.club\/es\/wp-content\/uploads\/2025\/01\/c0449274a1e61e7e0aea866c21d2c4b1109b536e.jpg 1280w, https:\/\/www.felixrodriguezdelafuente.club\/es\/wp-content\/uploads\/2025\/01\/c0449274a1e61e7e0aea866c21d2c4b1109b536e-300x200.jpg 300w, https:\/\/www.felixrodriguezdelafuente.club\/es\/wp-content\/uploads\/2025\/01\/c0449274a1e61e7e0aea866c21d2c4b1109b536e-1024x682.jpg 1024w, https:\/\/www.felixrodriguezdelafuente.club\/es\/wp-content\/uploads\/2025\/01\/c0449274a1e61e7e0aea866c21d2c4b1109b536e-768x512.jpg 768w\" sizes=\"auto, (max-width: 1280px) 100vw, 1280px\" \/><span aria-hidden=\"true\" class=\"wp-block-cover__background has-black-background-color has-background-dim-60 has-background-dim\"><\/span><div class=\"wp-block-cover__inner-container is-layout-flow wp-block-cover-is-layout-flow\">\n<div class=\"wp-block-group has-global-padding is-layout-constrained wp-block-group-is-layout-constrained\" style=\"padding-top:var(--wp--preset--spacing--60);padding-bottom:var(--wp--preset--spacing--60)\">\n<h1 class=\"wp-block-heading alignwide has-text-align-left has-text-color has-x-large-font-size\" style=\"color:#fffffffc\">Explorando el mundo<\/h1>\n<\/div>\n<\/div><\/div>\n<\/div>\n\n\n\n<div class=\"wp-block-group alignfull has-tertiary-background-color has-background has-global-padding is-layout-constrained wp-container-core-group-is-layout-fb85e995 wp-block-group-is-layout-constrained\" id=\"about\" style=\"margin-top:0;margin-bottom:0;padding-top:var(--wp--preset--spacing--60);padding-right:var(--wp--preset--spacing--30);padding-bottom:var(--wp--preset--spacing--60);padding-left:var(--wp--preset--spacing--30)\">\n<h2 class=\"wp-block-heading has-text-align-center has-large-font-size\">Vive la aventura de la vida<\/h2>\n\n\n\n<p class=\"has-text-align-center\" style=\"margin-top:16px\">Nuestra misi\u00f3n es enriquecer las mentes explorando la sabidur\u00eda atemporal de la serie de radio de F\u00e9lix Rodr\u00edguez de la Fuente, &#8216;La aventura de la vida&#8217;. Nos esforzamos por unir el pasado y el presente, encendiendo la curiosidad y fomentando una comprensi\u00f3n m\u00e1s profunda de nuestro mundo.<\/p>\n\n\n\n<figure class=\"wp-block-gallery alignwide has-nested-images columns-default is-cropped wp-block-gallery-1 is-layout-flex wp-block-gallery-is-layout-flex\">\n<figure class=\"wp-block-image size-large\"><img loading=\"lazy\" decoding=\"async\" width=\"1024\" height=\"965\" data-id=\"356\" src=\"https:\/\/www.felixrodriguezdelafuente.club\/es\/wp-content\/uploads\/2025\/06\/photo-1691433790054-5b3821080f4f-1024x965.jpg\" alt=\"\" class=\"wp-image-356\" style=\"aspect-ratio:3\/4;object-fit:cover\" srcset=\"https:\/\/www.felixrodriguezdelafuente.club\/es\/wp-content\/uploads\/2025\/06\/photo-1691433790054-5b3821080f4f-1024x965.jpg 1024w, https:\/\/www.felixrodriguezdelafuente.club\/es\/wp-content\/uploads\/2025\/06\/photo-1691433790054-5b3821080f4f-300x283.jpg 300w, https:\/\/www.felixrodriguezdelafuente.club\/es\/wp-content\/uploads\/2025\/06\/photo-1691433790054-5b3821080f4f-768x724.jpg 768w, https:\/\/www.felixrodriguezdelafuente.club\/es\/wp-content\/uploads\/2025\/06\/photo-1691433790054-5b3821080f4f-1536x1447.jpg 1536w, https:\/\/www.felixrodriguezdelafuente.club\/es\/wp-content\/uploads\/2025\/06\/photo-1691433790054-5b3821080f4f-2048x1929.jpg 2048w\" sizes=\"auto, (max-width: 1024px) 100vw, 1024px\" \/><\/figure>\n\n\n\n<figure class=\"wp-block-image size-large\"><img loading=\"lazy\" decoding=\"async\" width=\"1024\" height=\"933\" data-id=\"293\" src=\"https:\/\/www.felixrodriguezdelafuente.club\/es\/wp-content\/uploads\/2025\/01\/2-FelixTonoPajarera-copia-1-1024x933.jpg\" alt=\"\" class=\"wp-image-293\" style=\"aspect-ratio:3\/4;object-fit:cover\" srcset=\"https:\/\/www.felixrodriguezdelafuente.club\/es\/wp-content\/uploads\/2025\/01\/2-FelixTonoPajarera-copia-1-1024x933.jpg 1024w, https:\/\/www.felixrodriguezdelafuente.club\/es\/wp-content\/uploads\/2025\/01\/2-FelixTonoPajarera-copia-1-300x273.jpg 300w, https:\/\/www.felixrodriguezdelafuente.club\/es\/wp-content\/uploads\/2025\/01\/2-FelixTonoPajarera-copia-1-768x700.jpg 768w, https:\/\/www.felixrodriguezdelafuente.club\/es\/wp-content\/uploads\/2025\/01\/2-FelixTonoPajarera-copia-1.jpg 1063w\" sizes=\"auto, (max-width: 1024px) 100vw, 1024px\" \/><\/figure>\n\n\n\n<figure class=\"wp-block-image size-large\"><img loading=\"lazy\" decoding=\"async\" width=\"683\" height=\"1024\" data-id=\"354\" src=\"https:\/\/www.felixrodriguezdelafuente.club\/es\/wp-content\/uploads\/2025\/06\/photo-1671391446959-a3fb68b8c2f1-683x1024.jpg\" alt=\"\" class=\"wp-image-354\" style=\"aspect-ratio:3\/4;object-fit:cover\" srcset=\"https:\/\/www.felixrodriguezdelafuente.club\/es\/wp-content\/uploads\/2025\/06\/photo-1671391446959-a3fb68b8c2f1-683x1024.jpg 683w, https:\/\/www.felixrodriguezdelafuente.club\/es\/wp-content\/uploads\/2025\/06\/photo-1671391446959-a3fb68b8c2f1-200x300.jpg 200w, https:\/\/www.felixrodriguezdelafuente.club\/es\/wp-content\/uploads\/2025\/06\/photo-1671391446959-a3fb68b8c2f1-768x1152.jpg 768w, https:\/\/www.felixrodriguezdelafuente.club\/es\/wp-content\/uploads\/2025\/06\/photo-1671391446959-a3fb68b8c2f1-1024x1536.jpg 1024w, https:\/\/www.felixrodriguezdelafuente.club\/es\/wp-content\/uploads\/2025\/06\/photo-1671391446959-a3fb68b8c2f1.jpg 1280w\" sizes=\"auto, (max-width: 683px) 100vw, 683px\" \/><\/figure>\n<\/figure>\n<\/div>\n\n\n\n<div class=\"wp-block-group alignfull has-background-background-color has-background has-global-padding is-layout-constrained wp-container-core-group-is-layout-7276a2bb wp-block-group-is-layout-constrained\" id=\"team\" style=\"margin-top:0;margin-bottom:0;padding-top:var(--wp--preset--spacing--60);padding-right:var(--wp--preset--spacing--30);padding-bottom:var(--wp--preset--spacing--60);padding-left:var(--wp--preset--spacing--30)\">\n<div class=\"wp-block-group alignwide has-global-padding is-content-justification-left is-layout-constrained wp-container-core-group-is-layout-8b4c372c wp-block-group-is-layout-constrained\">\n<h2 class=\"wp-block-heading has-text-align-left has-large-font-size\">Ecos del pasado y del futuro<\/h2>\n\n\n\n<p class=\"has-text-align-left\" style=\"margin-top:16px\">Impulsores de esta misi\u00f3n.<\/p>\n<\/div>\n\n\n\n<div class=\"wp-block-columns alignwide is-layout-flex wp-container-core-columns-is-layout-d0846407 wp-block-columns-is-layout-flex\">\n<div class=\"wp-block-column is-layout-flow wp-block-column-is-layout-flow\">\n<figure class=\"wp-block-image size-full is-style-rounded\"><img loading=\"lazy\" decoding=\"async\" width=\"897\" height=\"897\" src=\"https:\/\/www.felixrodriguezdelafuente.club\/es\/wp-content\/uploads\/2025\/06\/BV.png\" alt=\"\" class=\"wp-image-414\" style=\"aspect-ratio:1;object-fit:cover\" srcset=\"https:\/\/www.felixrodriguezdelafuente.club\/es\/wp-content\/uploads\/2025\/06\/BV.png 897w, https:\/\/www.felixrodriguezdelafuente.club\/es\/wp-content\/uploads\/2025\/06\/BV-300x300.png 300w, https:\/\/www.felixrodriguezdelafuente.club\/es\/wp-content\/uploads\/2025\/06\/BV-150x150.png 150w, https:\/\/www.felixrodriguezdelafuente.club\/es\/wp-content\/uploads\/2025\/06\/BV-768x768.png 768w\" sizes=\"auto, (max-width: 897px) 100vw, 897px\" \/><\/figure>\n\n\n\n<h4 class=\"wp-block-heading has-text-align-center\" style=\"margin-top:20px;font-size:clamp(14px, 0.875rem + ((1vw - 3.2px) * 0.625), 20px);\">Benigno Varillas<\/h4>\n\n\n\n<p class=\"has-text-align-center has-small-font-size\" style=\"margin-top:12px\">Combina experiencia con una visi\u00f3n profunda. Especialista en contenidos.<\/p>\n\n\n\n<ul class=\"wp-block-social-links has-small-icon-size has-icon-color is-style-logos-only is-content-justification-center is-layout-flex wp-container-core-social-links-is-layout-ce9397e5 wp-block-social-links-is-layout-flex\" style=\"margin-top:24px\"><li style=\"color:#0B0620;\" class=\"wp-social-link wp-social-link-twitter has-foreground-color wp-block-social-link\"><a href=\"#\" class=\"wp-block-social-link-anchor\"><svg width=\"24\" height=\"24\" viewBox=\"0 0 24 24\" version=\"1.1\" xmlns=\"http:\/\/www.w3.org\/2000\/svg\" aria-hidden=\"true\" focusable=\"false\"><path d=\"M22.23,5.924c-0.736,0.326-1.527,0.547-2.357,0.646c0.847-0.508,1.498-1.312,1.804-2.27 c-0.793,0.47-1.671,0.812-2.606,0.996C18.324,4.498,17.257,4,16.077,4c-2.266,0-4.103,1.837-4.103,4.103 c0,0.322,0.036,0.635,0.106,0.935C8.67,8.867,5.647,7.234,3.623,4.751C3.27,5.357,3.067,6.062,3.067,6.814 c0,1.424,0.724,2.679,1.825,3.415c-0.673-0.021-1.305-0.206-1.859-0.513c0,0.017,0,0.034,0,0.052c0,1.988,1.414,3.647,3.292,4.023 c-0.344,0.094-0.707,0.144-1.081,0.144c-0.264,0-0.521-0.026-0.772-0.074c0.522,1.63,2.038,2.816,3.833,2.85 c-1.404,1.1-3.174,1.756-5.096,1.756c-0.331,0-0.658-0.019-0.979-0.057c1.816,1.164,3.973,1.843,6.29,1.843 c7.547,0,11.675-6.252,11.675-11.675c0-0.178-0.004-0.355-0.012-0.531C20.985,7.47,21.68,6.747,22.23,5.924z\"><\/path><\/svg><span class=\"wp-block-social-link-label screen-reader-text\">Twitter<\/span><\/a><\/li>\n\n<li style=\"color:#0B0620;\" class=\"wp-social-link wp-social-link-linkedin has-foreground-color wp-block-social-link\"><a href=\"#\" class=\"wp-block-social-link-anchor\"><svg width=\"24\" height=\"24\" viewBox=\"0 0 24 24\" version=\"1.1\" xmlns=\"http:\/\/www.w3.org\/2000\/svg\" aria-hidden=\"true\" focusable=\"false\"><path d=\"M19.7,3H4.3C3.582,3,3,3.582,3,4.3v15.4C3,20.418,3.582,21,4.3,21h15.4c0.718,0,1.3-0.582,1.3-1.3V4.3 C21,3.582,20.418,3,19.7,3z M8.339,18.338H5.667v-8.59h2.672V18.338z M7.004,8.574c-0.857,0-1.549-0.694-1.549-1.548 c0-0.855,0.691-1.548,1.549-1.548c0.854,0,1.547,0.694,1.547,1.548C8.551,7.881,7.858,8.574,7.004,8.574z M18.339,18.338h-2.669 v-4.177c0-0.996-0.017-2.278-1.387-2.278c-1.389,0-1.601,1.086-1.601,2.206v4.249h-2.667v-8.59h2.559v1.174h0.037 c0.356-0.675,1.227-1.387,2.526-1.387c2.703,0,3.203,1.779,3.203,4.092V18.338z\"><\/path><\/svg><span class=\"wp-block-social-link-label screen-reader-text\">LinkedIn<\/span><\/a><\/li><\/ul>\n<\/div>\n\n\n\n<div class=\"wp-block-column is-layout-flow wp-block-column-is-layout-flow\">\n<figure class=\"wp-block-image size-full is-style-rounded\"><img loading=\"lazy\" decoding=\"async\" width=\"810\" height=\"794\" src=\"https:\/\/www.felixrodriguezdelafuente.club\/es\/wp-content\/uploads\/2025\/06\/Captura-de-pantalla-2025-06-17-a-las-20.54.59.png\" alt=\"\" class=\"wp-image-415\" style=\"aspect-ratio:1;object-fit:cover\" srcset=\"https:\/\/www.felixrodriguezdelafuente.club\/es\/wp-content\/uploads\/2025\/06\/Captura-de-pantalla-2025-06-17-a-las-20.54.59.png 810w, https:\/\/www.felixrodriguezdelafuente.club\/es\/wp-content\/uploads\/2025\/06\/Captura-de-pantalla-2025-06-17-a-las-20.54.59-300x294.png 300w, https:\/\/www.felixrodriguezdelafuente.club\/es\/wp-content\/uploads\/2025\/06\/Captura-de-pantalla-2025-06-17-a-las-20.54.59-768x753.png 768w\" sizes=\"auto, (max-width: 810px) 100vw, 810px\" \/><\/figure>\n\n\n\n<h4 class=\"wp-block-heading has-text-align-center\" style=\"margin-top:20px;font-size:clamp(14px, 0.875rem + ((1vw - 3.2px) * 0.625), 20px);\">Alvaro Lorite<\/h4>\n\n\n\n<p class=\"has-text-align-center has-primary-color has-text-color has-small-font-size\" style=\"margin-top:4px\">Documentalista y digitalizador de textos de la obra de FRF.<\/p>\n\n\n\n<ul class=\"wp-block-social-links has-small-icon-size has-icon-color is-style-logos-only is-content-justification-center is-layout-flex wp-container-core-social-links-is-layout-ce9397e5 wp-block-social-links-is-layout-flex\" style=\"margin-top:24px\"><li style=\"color:#0B0620;\" class=\"wp-social-link wp-social-link-twitter has-foreground-color wp-block-social-link\"><a href=\"#\" class=\"wp-block-social-link-anchor\"><svg width=\"24\" height=\"24\" viewBox=\"0 0 24 24\" version=\"1.1\" xmlns=\"http:\/\/www.w3.org\/2000\/svg\" aria-hidden=\"true\" focusable=\"false\"><path d=\"M22.23,5.924c-0.736,0.326-1.527,0.547-2.357,0.646c0.847-0.508,1.498-1.312,1.804-2.27 c-0.793,0.47-1.671,0.812-2.606,0.996C18.324,4.498,17.257,4,16.077,4c-2.266,0-4.103,1.837-4.103,4.103 c0,0.322,0.036,0.635,0.106,0.935C8.67,8.867,5.647,7.234,3.623,4.751C3.27,5.357,3.067,6.062,3.067,6.814 c0,1.424,0.724,2.679,1.825,3.415c-0.673-0.021-1.305-0.206-1.859-0.513c0,0.017,0,0.034,0,0.052c0,1.988,1.414,3.647,3.292,4.023 c-0.344,0.094-0.707,0.144-1.081,0.144c-0.264,0-0.521-0.026-0.772-0.074c0.522,1.63,2.038,2.816,3.833,2.85 c-1.404,1.1-3.174,1.756-5.096,1.756c-0.331,0-0.658-0.019-0.979-0.057c1.816,1.164,3.973,1.843,6.29,1.843 c7.547,0,11.675-6.252,11.675-11.675c0-0.178-0.004-0.355-0.012-0.531C20.985,7.47,21.68,6.747,22.23,5.924z\"><\/path><\/svg><span class=\"wp-block-social-link-label screen-reader-text\">Twitter<\/span><\/a><\/li>\n\n<li style=\"color:#0B0620;\" class=\"wp-social-link wp-social-link-linkedin has-foreground-color wp-block-social-link\"><a href=\"#\" class=\"wp-block-social-link-anchor\"><svg width=\"24\" height=\"24\" viewBox=\"0 0 24 24\" version=\"1.1\" xmlns=\"http:\/\/www.w3.org\/2000\/svg\" aria-hidden=\"true\" focusable=\"false\"><path d=\"M19.7,3H4.3C3.582,3,3,3.582,3,4.3v15.4C3,20.418,3.582,21,4.3,21h15.4c0.718,0,1.3-0.582,1.3-1.3V4.3 C21,3.582,20.418,3,19.7,3z M8.339,18.338H5.667v-8.59h2.672V18.338z M7.004,8.574c-0.857,0-1.549-0.694-1.549-1.548 c0-0.855,0.691-1.548,1.549-1.548c0.854,0,1.547,0.694,1.547,1.548C8.551,7.881,7.858,8.574,7.004,8.574z M18.339,18.338h-2.669 v-4.177c0-0.996-0.017-2.278-1.387-2.278c-1.389,0-1.601,1.086-1.601,2.206v4.249h-2.667v-8.59h2.559v1.174h0.037 c0.356-0.675,1.227-1.387,2.526-1.387c2.703,0,3.203,1.779,3.203,4.092V18.338z\"><\/path><\/svg><span class=\"wp-block-social-link-label screen-reader-text\">LinkedIn<\/span><\/a><\/li><\/ul>\n<\/div>\n\n\n\n<div class=\"wp-block-column is-layout-flow wp-block-column-is-layout-flow\">\n<figure class=\"wp-block-image size-full is-style-rounded\"><img loading=\"lazy\" decoding=\"async\" width=\"985\" height=\"951\" src=\"https:\/\/www.felixrodriguezdelafuente.club\/es\/wp-content\/uploads\/2025\/06\/Captura-de-pantalla-2025-01-02-a-las-8.05.40.png\" alt=\"\" class=\"wp-image-416\" style=\"aspect-ratio:1;object-fit:cover\" srcset=\"https:\/\/www.felixrodriguezdelafuente.club\/es\/wp-content\/uploads\/2025\/06\/Captura-de-pantalla-2025-01-02-a-las-8.05.40.png 985w, https:\/\/www.felixrodriguezdelafuente.club\/es\/wp-content\/uploads\/2025\/06\/Captura-de-pantalla-2025-01-02-a-las-8.05.40-300x290.png 300w, https:\/\/www.felixrodriguezdelafuente.club\/es\/wp-content\/uploads\/2025\/06\/Captura-de-pantalla-2025-01-02-a-las-8.05.40-768x741.png 768w\" sizes=\"auto, (max-width: 985px) 100vw, 985px\" \/><\/figure>\n\n\n\n<h4 class=\"wp-block-heading has-text-align-center\" style=\"margin-top:20px;font-size:clamp(14px, 0.875rem + ((1vw - 3.2px) * 0.625), 20px);\">Pendiente<\/h4>\n\n\n\n<p class=\"has-text-align-center has-primary-color has-text-color has-small-font-size\" style=\"margin-top:4px\">L\u00edder t\u00e9cnico con destreza en wordpres, podcast, community manager, etc<\/p>\n\n\n\n<ul class=\"wp-block-social-links has-small-icon-size has-icon-color is-style-logos-only is-content-justification-center is-layout-flex wp-container-core-social-links-is-layout-ce9397e5 wp-block-social-links-is-layout-flex\" style=\"margin-top:24px\"><li style=\"color:#0B0620;\" class=\"wp-social-link wp-social-link-twitter has-foreground-color wp-block-social-link\"><a href=\"#\" class=\"wp-block-social-link-anchor\"><svg width=\"24\" height=\"24\" viewBox=\"0 0 24 24\" version=\"1.1\" xmlns=\"http:\/\/www.w3.org\/2000\/svg\" aria-hidden=\"true\" focusable=\"false\"><path d=\"M22.23,5.924c-0.736,0.326-1.527,0.547-2.357,0.646c0.847-0.508,1.498-1.312,1.804-2.27 c-0.793,0.47-1.671,0.812-2.606,0.996C18.324,4.498,17.257,4,16.077,4c-2.266,0-4.103,1.837-4.103,4.103 c0,0.322,0.036,0.635,0.106,0.935C8.67,8.867,5.647,7.234,3.623,4.751C3.27,5.357,3.067,6.062,3.067,6.814 c0,1.424,0.724,2.679,1.825,3.415c-0.673-0.021-1.305-0.206-1.859-0.513c0,0.017,0,0.034,0,0.052c0,1.988,1.414,3.647,3.292,4.023 c-0.344,0.094-0.707,0.144-1.081,0.144c-0.264,0-0.521-0.026-0.772-0.074c0.522,1.63,2.038,2.816,3.833,2.85 c-1.404,1.1-3.174,1.756-5.096,1.756c-0.331,0-0.658-0.019-0.979-0.057c1.816,1.164,3.973,1.843,6.29,1.843 c7.547,0,11.675-6.252,11.675-11.675c0-0.178-0.004-0.355-0.012-0.531C20.985,7.47,21.68,6.747,22.23,5.924z\"><\/path><\/svg><span class=\"wp-block-social-link-label screen-reader-text\">Twitter<\/span><\/a><\/li>\n\n<li style=\"color:#0B0620;\" class=\"wp-social-link wp-social-link-linkedin has-foreground-color wp-block-social-link\"><a href=\"#\" class=\"wp-block-social-link-anchor\"><svg width=\"24\" height=\"24\" viewBox=\"0 0 24 24\" version=\"1.1\" xmlns=\"http:\/\/www.w3.org\/2000\/svg\" aria-hidden=\"true\" focusable=\"false\"><path d=\"M19.7,3H4.3C3.582,3,3,3.582,3,4.3v15.4C3,20.418,3.582,21,4.3,21h15.4c0.718,0,1.3-0.582,1.3-1.3V4.3 C21,3.582,20.418,3,19.7,3z M8.339,18.338H5.667v-8.59h2.672V18.338z M7.004,8.574c-0.857,0-1.549-0.694-1.549-1.548 c0-0.855,0.691-1.548,1.549-1.548c0.854,0,1.547,0.694,1.547,1.548C8.551,7.881,7.858,8.574,7.004,8.574z M18.339,18.338h-2.669 v-4.177c0-0.996-0.017-2.278-1.387-2.278c-1.389,0-1.601,1.086-1.601,2.206v4.249h-2.667v-8.59h2.559v1.174h0.037 c0.356-0.675,1.227-1.387,2.526-1.387c2.703,0,3.203,1.779,3.203,4.092V18.338z\"><\/path><\/svg><span class=\"wp-block-social-link-label screen-reader-text\">LinkedIn<\/span><\/a><\/li><\/ul>\n<\/div>\n\n\n\n<div class=\"wp-block-column is-layout-flow wp-block-column-is-layout-flow\">\n<figure class=\"wp-block-image size-full is-style-rounded\"><img loading=\"lazy\" decoding=\"async\" width=\"985\" height=\"951\" src=\"https:\/\/www.felixrodriguezdelafuente.club\/es\/wp-content\/uploads\/2025\/06\/Captura-de-pantalla-2025-01-02-a-las-8.05.40.png\" alt=\"\" class=\"wp-image-416\" style=\"aspect-ratio:1;object-fit:cover\" srcset=\"https:\/\/www.felixrodriguezdelafuente.club\/es\/wp-content\/uploads\/2025\/06\/Captura-de-pantalla-2025-01-02-a-las-8.05.40.png 985w, https:\/\/www.felixrodriguezdelafuente.club\/es\/wp-content\/uploads\/2025\/06\/Captura-de-pantalla-2025-01-02-a-las-8.05.40-300x290.png 300w, https:\/\/www.felixrodriguezdelafuente.club\/es\/wp-content\/uploads\/2025\/06\/Captura-de-pantalla-2025-01-02-a-las-8.05.40-768x741.png 768w\" sizes=\"auto, (max-width: 985px) 100vw, 985px\" \/><\/figure>\n\n\n\n<h4 class=\"wp-block-heading has-text-align-center\" style=\"margin-top:20px;font-size:clamp(14px, 0.875rem + ((1vw - 3.2px) * 0.625), 20px);\">Pendiente<\/h4>\n\n\n\n<p class=\"has-text-align-center has-primary-color has-text-color has-small-font-size\" style=\"margin-top:4px\">Strategy Manager con visi\u00f3n estrat\u00e9gica en  bigdata y realidad virtual.<\/p>\n\n\n\n<ul class=\"wp-block-social-links has-small-icon-size has-icon-color is-style-logos-only is-content-justification-center is-layout-flex wp-container-core-social-links-is-layout-ce9397e5 wp-block-social-links-is-layout-flex\" style=\"margin-top:24px\"><li style=\"color:#0B0620;\" class=\"wp-social-link wp-social-link-twitter has-foreground-color wp-block-social-link\"><a href=\"#\" class=\"wp-block-social-link-anchor\"><svg width=\"24\" height=\"24\" viewBox=\"0 0 24 24\" version=\"1.1\" xmlns=\"http:\/\/www.w3.org\/2000\/svg\" aria-hidden=\"true\" focusable=\"false\"><path d=\"M22.23,5.924c-0.736,0.326-1.527,0.547-2.357,0.646c0.847-0.508,1.498-1.312,1.804-2.27 c-0.793,0.47-1.671,0.812-2.606,0.996C18.324,4.498,17.257,4,16.077,4c-2.266,0-4.103,1.837-4.103,4.103 c0,0.322,0.036,0.635,0.106,0.935C8.67,8.867,5.647,7.234,3.623,4.751C3.27,5.357,3.067,6.062,3.067,6.814 c0,1.424,0.724,2.679,1.825,3.415c-0.673-0.021-1.305-0.206-1.859-0.513c0,0.017,0,0.034,0,0.052c0,1.988,1.414,3.647,3.292,4.023 c-0.344,0.094-0.707,0.144-1.081,0.144c-0.264,0-0.521-0.026-0.772-0.074c0.522,1.63,2.038,2.816,3.833,2.85 c-1.404,1.1-3.174,1.756-5.096,1.756c-0.331,0-0.658-0.019-0.979-0.057c1.816,1.164,3.973,1.843,6.29,1.843 c7.547,0,11.675-6.252,11.675-11.675c0-0.178-0.004-0.355-0.012-0.531C20.985,7.47,21.68,6.747,22.23,5.924z\"><\/path><\/svg><span class=\"wp-block-social-link-label screen-reader-text\">Twitter<\/span><\/a><\/li>\n\n<li style=\"color:#0B0620;\" class=\"wp-social-link wp-social-link-linkedin has-foreground-color wp-block-social-link\"><a href=\"#\" class=\"wp-block-social-link-anchor\"><svg width=\"24\" height=\"24\" viewBox=\"0 0 24 24\" version=\"1.1\" xmlns=\"http:\/\/www.w3.org\/2000\/svg\" aria-hidden=\"true\" focusable=\"false\"><path d=\"M19.7,3H4.3C3.582,3,3,3.582,3,4.3v15.4C3,20.418,3.582,21,4.3,21h15.4c0.718,0,1.3-0.582,1.3-1.3V4.3 C21,3.582,20.418,3,19.7,3z M8.339,18.338H5.667v-8.59h2.672V18.338z M7.004,8.574c-0.857,0-1.549-0.694-1.549-1.548 c0-0.855,0.691-1.548,1.549-1.548c0.854,0,1.547,0.694,1.547,1.548C8.551,7.881,7.858,8.574,7.004,8.574z M18.339,18.338h-2.669 v-4.177c0-0.996-0.017-2.278-1.387-2.278c-1.389,0-1.601,1.086-1.601,2.206v4.249h-2.667v-8.59h2.559v1.174h0.037 c0.356-0.675,1.227-1.387,2.526-1.387c2.703,0,3.203,1.779,3.203,4.092V18.338z\"><\/path><\/svg><span class=\"wp-block-social-link-label screen-reader-text\">LinkedIn<\/span><\/a><\/li><\/ul>\n<\/div>\n<\/div>\n<\/div>\n\n\n\n<div class=\"wp-block-group alignfull has-tertiary-background-color has-background has-global-padding is-layout-constrained wp-container-core-group-is-layout-fb85e995 wp-block-group-is-layout-constrained\" id=\"testimonials\" style=\"margin-top:0;margin-bottom:0;padding-top:var(--wp--preset--spacing--60);padding-right:var(--wp--preset--spacing--30);padding-bottom:var(--wp--preset--spacing--60);padding-left:var(--wp--preset--spacing--30)\">\n<p class=\"has-text-align-center has-large-font-size\" style=\"font-style:normal;font-weight:500;line-height:1.3\">\u00abUn viaje perspicaz al mundo de F\u00e9lix Rodr\u00edguez de la Fuente\u00bb.<\/p>\n\n\n\n<figure class=\"wp-block-image aligncenter is-style-rounded\"><img decoding=\"async\" src=\"https:\/\/www.felixrodriguezdelafuente.club\/es\/wp-content\/uploads\/2025\/01\/1224464715f9b2b1bfc5d1f1b5db4bf8de854c14.jpg\" alt=\"\" class=\"wp-image-61\" style=\"aspect-ratio:1;object-fit:cover\"\/><\/figure>\n\n\n\n<h4 class=\"wp-block-heading has-text-align-center\" style=\"margin-top:18px;font-size:clamp(14px, 0.875rem + ((1vw - 3.2px) * 0.417), 18px);\">Oyente de radio<\/h4>\n\n\n\n<p class=\"has-text-align-center has-small-font-size\" style=\"margin-top:4px\">Entusiasta de la naturaleza<\/p>\n<\/div>\n","protected":false},"excerpt":{"rendered":"<p>Vive la aventura de la vida Nuestra misi\u00f3n es enriquecer las mentes explorando la sabidur\u00eda atemporal de la serie de radio de F\u00e9lix Rodr\u00edguez de la Fuente, &#8216;La aventura de la vida&#8217;. Nos esforzamos por unir el pasado y el presente, encendiendo la curiosidad y fomentando una comprensi\u00f3n m\u00e1s profunda de nuestro mundo. Ecos del [&hellip;]<\/p>\n","protected":false},"author":1,"featured_media":0,"parent":0,"menu_order":0,"comment_status":"closed","ping_status":"closed","template":"","meta":{"footnotes":""},"class_list":["post-13","page","type-page","status-publish","hentry"],"aioseo_notices":[],"jetpack_sharing_enabled":true,"_links":{"self":[{"href":"https:\/\/www.felixrodriguezdelafuente.club\/es\/wp-json\/wp\/v2\/pages\/13","targetHints":{"allow":["GET"]}}],"collection":[{"href":"https:\/\/www.felixrodriguezdelafuente.club\/es\/wp-json\/wp\/v2\/pages"}],"about":[{"href":"https:\/\/www.felixrodriguezdelafuente.club\/es\/wp-json\/wp\/v2\/types\/page"}],"author":[{"embeddable":true,"href":"https:\/\/www.felixrodriguezdelafuente.club\/es\/wp-json\/wp\/v2\/users\/1"}],"replies":[{"embeddable":true,"href":"https:\/\/www.felixrodriguezdelafuente.club\/es\/wp-json\/wp\/v2\/comments?post=13"}],"version-history":[{"count":6,"href":"https:\/\/www.felixrodriguezdelafuente.club\/es\/wp-json\/wp\/v2\/pages\/13\/revisions"}],"predecessor-version":[{"id":431,"href":"https:\/\/www.felixrodriguezdelafuente.club\/es\/wp-json\/wp\/v2\/pages\/13\/revisions\/431"}],"wp:attachment":[{"href":"https:\/\/www.felixrodriguezdelafuente.club\/es\/wp-json\/wp\/v2\/media?parent=13"}],"curies":[{"name":"wp","href":"https:\/\/api.w.org\/{rel}","templated":true}]}}